{"id":5084,"date":"2021-08-24T21:56:49","date_gmt":"2021-08-24T18:56:49","guid":{"rendered":"https:\/\/wpark.ee\/?page_id=5084"},"modified":"2021-08-24T22:17:18","modified_gmt":"2021-08-24T19:17:18","slug":"glamping","status":"publish","type":"page","link":"https:\/\/dev.wpark.ee\/lv\/glamping\/","title":{"rendered":"Glamping"},"content":{"rendered":"\t<section class=\"section dark\" id=\"section_605666669\">\n\t\t<div class=\"bg section-bg fill bg-fill  \" >\n\n\t\t\t\n\t\t\t\n\t\t\t\n\n\t\t<\/div>\n\n\t\t\n\n\t\t<div class=\"section-content relative\">\n\t\t\t\n<div class=\"row\"  id=\"row-1723333389\">\n\n\t<div id=\"col-381401623\" class=\"col medium-5 small-12 large-3\"  >\n\t\t\t\t<div class=\"col-inner\"  >\n\t\t\t\n\t\t\t\n<ul class=\"main-nav\">\n<li><a href=\"https:\/\/wpark.ee\/lv\/pakalpojumi\/\">BI\u013bETES<\/a><\/li>\n<li><a href=\"\/lv\/papildu-pakalpojumi\">PAKALPOJUMI<\/a><\/li>\n<li><a href=\"\/lv\/edinasana\">\u0112DIN\u0100\u0160ANA<\/a><\/li>\n<li><a href=\"\/lv\/glamping\">GLAMPINGS<\/a><\/li>\n<\/ul>\n<div class=\"back-arrow\"><a href=\"https:\/\/wpark.ee\/lv#teenused\"><i class=\"icon-angle-left\"><\/i><\/a><\/div>\n\t<div id=\"gap-1592392210\" class=\"gap-element clearfix\" style=\"display:block; height:auto;\">\n\t\t\n<style>\n#gap-1592392210 {\n  padding-top: 30px;\n}\n<\/style>\n\t<\/div>\n\t\n<div class=\"back-arrow\"><\/div>\n\t\t<\/div>\n\t\t\t\t\t<\/div>\n\n\t\n\n\t<div id=\"col-1023892997\" class=\"col medium-7 small-12 large-4\"  >\n\t\t\t\t<div class=\"col-inner\"  >\n\t\t\t\n\t\t\t\n<h1>WPARK GLAMPINGS<\/h1>\n<p>\u00a0<\/p>\n<p>Veikparks \u201cWPark\u201d pied\u0101v\u0101 ar\u012b naktsm\u0101jas! Izmanto \u0161o iesp\u0113ju kaut vair\u0101kas dienas un mosties ik r\u012btu putnu dziesmu pavad\u012bb\u0101!<\/p>\n<p>Ja vien\u0101 dien\u0101 nav izdevies izbaud\u012bt visus veikparka sniegtos priekus, vari ar\u012b p\u0101rnak\u0161\u0146ot gleznain\u0101 Kamari ezera krast\u0101, m\u016b\u017evecu koku pa\u0113n\u0101.\u00a0 Turkl\u0101t \u201cWPark\u201d glampinga telt\u012b var\u0113si gul\u0113t k\u0101 pats karalis \u2013 baltos palagos un \u012bst\u0101 gult\u0101, un v\u0113l pasakainas dabas apsk\u0101vienos!<\/p>\n<p>Nak\u0161\u0146o\u0161anai pied\u0101v\u0101jam \u010detras glampinga teltis. Katr\u0101 telt\u012b ir \u010detras vienviet\u012bgas gultas. Kopum\u0101 glampingu zon\u0101 var izmitin\u0101t 16 personas.<\/p>\n<p>Telt\u012bs pieejama t\u012bra gultasve\u013ca, m\u012bksti dvie\u013ci, elektr\u012bba un apsilde. Cen\u0101 ietilpst ar\u012b mazg\u0101\u0161an\u0101s iesp\u0113jas un pirts apmekl\u0113jums veikparka darbalaik\u0101. Ar\u012b p\u0113c brokast\u012bm nav t\u0101lu j\u0101iet. T\u0101s var \u0113rti ieg\u0101d\u0101ties kafejn\u012bc\u0101 \u201cW\u201d. \u0112dienkarti var apl\u016bkot \u0161eit.<\/p>\n<p>Apmekl\u0113t\u0101ju iev\u0113r\u012bbai!<\/p>\n<ul>\n<li><em>Check-in<\/em>\u00a0no plkst. 15.00.<\/li>\n<li><em>Check-out<\/em> v\u0113l\u0101kais plkst. 12.00.<\/li>\n<li>Naktsmieru l\u016bdzam iev\u0113rot no plkst. 23.00.<\/li>\n<\/ul>\n<p>Naktsm\u012btnes pieejamas l\u012bdz 2021. gada vasaras sezonas beig\u0101m.<\/p>\n<p>Cena par vienu glampinga telti:<\/p>\n<ul>\n<li>100 eiro (pirm\u0101 nakts),<\/li>\n<li>80 eiro (katra n\u0101kam\u0101 nakts).<\/li>\n<\/ul>\n<p>Neatkar\u012bgi no t\u0101, vai rezerv\u0101cija tiek veikta uz vietas vai, sazinoties caur \u201cWPark\u201d kontaktu lapu, cena par naktsm\u012btni nemain\u0101s. Booking.com lap\u0101 cenas da\u017ek\u0101rt var vari\u0113ties atkar\u012bb\u0101 no starpnieka cenu politikas un akcij\u0101m.<\/p>\n<p>\u00a0<\/p>\n\t<div id=\"gap-299586113\" class=\"gap-element clearfix\" style=\"display:block; height:auto;\">\n\t\t\n<style>\n#gap-299586113 {\n  padding-top: 30px;\n}\n<\/style>\n\t<\/div>\n\t\n<a rel=\"noopener noreferrer\" href=\"https:\/\/www.booking.com\/hotel\/ee\/wpark-glamping.et.html?label=gen173nr-1FCAEoggI46AdIM1gEaEKIAQGYAQu4AQfIAQ3YAQHoAQH4AQuIAgGoAgO4AoDg9YYGwAIB0gIkOWY0YWM0ZTMtM2Q1Ny00NGYzLWExMjItODkzNjUyMmZkZGVi2AIG4AIB;sid=3ca934636bd9e4fe2f3db6f2711aa943;dest_id=-2624647;dest_type=city;dist=0;group_adults=2;group_children=0;hapos=1;hpos=1;no_rooms=1;room1=A,A;sb_price_type=total;sr_order=popularity;srepoch=1625124867;srpvid=c3703541a30c02c3;type=total;ucfs=1&#038;#hotelTmpl\" target=\"_blank\" class=\"button primary\"  >\n    <span>REZERV\u0112<\/span>\n  <\/a>\n\n\t<div id=\"gap-1260160787\" class=\"gap-element clearfix\" style=\"display:block; height:auto;\">\n\t\t\n<style>\n#gap-1260160787 {\n  padding-top: 30px;\n}\n<\/style>\n\t<\/div>\n\t\n\n  \n    <div class=\"row large-columns-2 medium-columns- small-columns-\">\n  <div class=\"gallery-col col\" >\n          <div class=\"col-inner\">\n            <a class=\"image-lightbox lightbox-gallery\" href=\"https:\/\/dev.wpark.ee\/wp-content\/uploads\/DSC4781-1-1024x683.jpg\" title=\"\">            <div class=\"box has-hover gallery-box box-none\">\n              <div class=\"box-image image-cover\" style=\"padding-top:100%;\">\n                <img width=\"300\" height=\"200\" src=\"https:\/\/dev.wpark.ee\/wp-content\/uploads\/DSC4781-1-300x200.jpg\" class=\"attachment-medium size-medium\" alt=\"\" loading=\"lazy\" ids=\"4957,4962,4967,4972,4977\" style=\"none\" columns=\"2\" image_height=\"100%\" image_size=\"medium\" srcset=\"https:\/\/dev.wpark.ee\/wp-content\/uploads\/DSC4781-1-300x200.jpg 300w, https:\/\/dev.wpark.ee\/wp-content\/uploads\/DSC4781-1-1024x683.jpg 1024w, https:\/\/dev.wpark.ee\/wp-content\/uploads\/DSC4781-1-768x512.jpg 768w, https:\/\/dev.wpark.ee\/wp-content\/uploads\/DSC4781-1-1536x1024.jpg 1536w, https:\/\/dev.wpark.ee\/wp-content\/uploads\/DSC4781-1-600x400.jpg 600w, https:\/\/dev.wpark.ee\/wp-content\/uploads\/DSC4781-1.jpg 2048w\" sizes=\"(max-width: 300px) 100vw, 300px\" \/>                                                              <\/div>\n              <div class=\"box-text text-left\" >\n                 <p><\/p>\n              <\/div>\n            <\/div>\n            <\/a>          <\/div>\n         <\/div><div class=\"gallery-col col\" >\n          <div class=\"col-inner\">\n            <a class=\"image-lightbox lightbox-gallery\" href=\"https:\/\/dev.wpark.ee\/wp-content\/uploads\/DSC4797-1024x683.jpg\" title=\"\">            <div class=\"box has-hover gallery-box box-none\">\n              <div class=\"box-image image-cover\" style=\"padding-top:100%;\">\n                <img width=\"300\" height=\"200\" src=\"https:\/\/dev.wpark.ee\/wp-content\/uploads\/DSC4797-300x200.jpg\" class=\"attachment-medium size-medium\" alt=\"\" loading=\"lazy\" ids=\"4957,4962,4967,4972,4977\" style=\"none\" columns=\"2\" image_height=\"100%\" image_size=\"medium\" srcset=\"https:\/\/dev.wpark.ee\/wp-content\/uploads\/DSC4797-300x200.jpg 300w, https:\/\/dev.wpark.ee\/wp-content\/uploads\/DSC4797-1024x683.jpg 1024w, https:\/\/dev.wpark.ee\/wp-content\/uploads\/DSC4797-768x512.jpg 768w, https:\/\/dev.wpark.ee\/wp-content\/uploads\/DSC4797-1536x1024.jpg 1536w, https:\/\/dev.wpark.ee\/wp-content\/uploads\/DSC4797-600x400.jpg 600w, https:\/\/dev.wpark.ee\/wp-content\/uploads\/DSC4797.jpg 2048w\" sizes=\"(max-width: 300px) 100vw, 300px\" \/>                                                              <\/div>\n              <div class=\"box-text text-left\" >\n                 <p><\/p>\n              <\/div>\n            <\/div>\n            <\/a>          <\/div>\n         <\/div><div class=\"gallery-col col\" >\n          <div class=\"col-inner\">\n            <a class=\"image-lightbox lightbox-gallery\" href=\"https:\/\/dev.wpark.ee\/wp-content\/uploads\/DSC4801-1-1024x683.jpg\" title=\"\">            <div class=\"box has-hover gallery-box box-none\">\n              <div class=\"box-image image-cover\" style=\"padding-top:100%;\">\n                <img width=\"300\" height=\"200\" src=\"https:\/\/dev.wpark.ee\/wp-content\/uploads\/DSC4801-1-300x200.jpg\" class=\"attachment-medium size-medium\" alt=\"\" loading=\"lazy\" ids=\"4957,4962,4967,4972,4977\" style=\"none\" columns=\"2\" image_height=\"100%\" image_size=\"medium\" srcset=\"https:\/\/dev.wpark.ee\/wp-content\/uploads\/DSC4801-1-300x200.jpg 300w, https:\/\/dev.wpark.ee\/wp-content\/uploads\/DSC4801-1-1024x683.jpg 1024w, https:\/\/dev.wpark.ee\/wp-content\/uploads\/DSC4801-1-768x512.jpg 768w, https:\/\/dev.wpark.ee\/wp-content\/uploads\/DSC4801-1-1536x1024.jpg 1536w, https:\/\/dev.wpark.ee\/wp-content\/uploads\/DSC4801-1-600x400.jpg 600w, https:\/\/dev.wpark.ee\/wp-content\/uploads\/DSC4801-1.jpg 2048w\" sizes=\"(max-width: 300px) 100vw, 300px\" \/>                                                              <\/div>\n              <div class=\"box-text text-left\" >\n                 <p><\/p>\n              <\/div>\n            <\/div>\n            <\/a>          <\/div>\n         <\/div><div class=\"gallery-col col\" >\n          <div class=\"col-inner\">\n            <a class=\"image-lightbox lightbox-gallery\" href=\"https:\/\/dev.wpark.ee\/wp-content\/uploads\/DSC4805-1-1024x683.jpg\" title=\"\">            <div class=\"box has-hover gallery-box box-none\">\n              <div class=\"box-image image-cover\" style=\"padding-top:100%;\">\n                <img width=\"300\" height=\"200\" src=\"https:\/\/dev.wpark.ee\/wp-content\/uploads\/DSC4805-1-300x200.jpg\" class=\"attachment-medium size-medium\" alt=\"\" loading=\"lazy\" ids=\"4957,4962,4967,4972,4977\" style=\"none\" columns=\"2\" image_height=\"100%\" image_size=\"medium\" srcset=\"https:\/\/dev.wpark.ee\/wp-content\/uploads\/DSC4805-1-300x200.jpg 300w, https:\/\/dev.wpark.ee\/wp-content\/uploads\/DSC4805-1-1024x683.jpg 1024w, https:\/\/dev.wpark.ee\/wp-content\/uploads\/DSC4805-1-768x512.jpg 768w, https:\/\/dev.wpark.ee\/wp-content\/uploads\/DSC4805-1-1536x1024.jpg 1536w, https:\/\/dev.wpark.ee\/wp-content\/uploads\/DSC4805-1-600x400.jpg 600w, https:\/\/dev.wpark.ee\/wp-content\/uploads\/DSC4805-1.jpg 2048w\" sizes=\"(max-width: 300px) 100vw, 300px\" \/>                                                              <\/div>\n              <div class=\"box-text text-left\" >\n                 <p><\/p>\n              <\/div>\n            <\/div>\n            <\/a>          <\/div>\n         <\/div><div class=\"gallery-col col\" >\n          <div class=\"col-inner\">\n            <a class=\"image-lightbox lightbox-gallery\" href=\"https:\/\/dev.wpark.ee\/wp-content\/uploads\/DSC4815-1024x683.jpg\" title=\"\">            <div class=\"box has-hover gallery-box box-none\">\n              <div class=\"box-image image-cover\" style=\"padding-top:100%;\">\n                <img width=\"300\" height=\"200\" src=\"https:\/\/dev.wpark.ee\/wp-content\/uploads\/DSC4815-300x200.jpg\" class=\"attachment-medium size-medium\" alt=\"\" loading=\"lazy\" ids=\"4957,4962,4967,4972,4977\" style=\"none\" columns=\"2\" image_height=\"100%\" image_size=\"medium\" srcset=\"https:\/\/dev.wpark.ee\/wp-content\/uploads\/DSC4815-300x200.jpg 300w, https:\/\/dev.wpark.ee\/wp-content\/uploads\/DSC4815-1024x683.jpg 1024w, https:\/\/dev.wpark.ee\/wp-content\/uploads\/DSC4815-768x512.jpg 768w, https:\/\/dev.wpark.ee\/wp-content\/uploads\/DSC4815-1536x1024.jpg 1536w, https:\/\/dev.wpark.ee\/wp-content\/uploads\/DSC4815-600x400.jpg 600w, https:\/\/dev.wpark.ee\/wp-content\/uploads\/DSC4815.jpg 2048w\" sizes=\"(max-width: 300px) 100vw, 300px\" \/>                                                              <\/div>\n              <div class=\"box-text text-left\" >\n                 <p><\/p>\n              <\/div>\n            <\/div>\n            <\/a>          <\/div>\n         <\/div><\/div>\n\t\t<\/div>\n\t\t\t\t\t<\/div>\n\n\t\n\n\t<div id=\"col-449029331\" class=\"col side-image hide-for-medium medium-5 small-12 large-5\"  >\n\t\t\t\t<div class=\"col-inner\"  >\n\t\t\t\n\t\t\t\n\t<div class=\"img has-hover x md-x lg-x y md-y lg-y\" id=\"image_2046368272\">\n\t\t\t\t\t\t\t\t<div class=\"img-inner image-cover dark\" style=\"padding-top:100%;\">\n\t\t\t<img width=\"2048\" height=\"1365\" src=\"https:\/\/dev.wpark.ee\/wp-content\/uploads\/DSC4815.jpg\" class=\"attachment-original size-original\" alt=\"\" loading=\"lazy\" srcset=\"https:\/\/dev.wpark.ee\/wp-content\/uploads\/DSC4815.jpg 2048w, https:\/\/dev.wpark.ee\/wp-content\/uploads\/DSC4815-300x200.jpg 300w, https:\/\/dev.wpark.ee\/wp-content\/uploads\/DSC4815-1024x683.jpg 1024w, https:\/\/dev.wpark.ee\/wp-content\/uploads\/DSC4815-768x512.jpg 768w, https:\/\/dev.wpark.ee\/wp-content\/uploads\/DSC4815-1536x1024.jpg 1536w, https:\/\/dev.wpark.ee\/wp-content\/uploads\/DSC4815-600x400.jpg 600w\" sizes=\"(max-width: 2048px) 100vw, 2048px\" \/>\t\t\t\t\t\t\n\t\t\t\t\t<\/div>\n\t\t\t\t\t\t\t\t\n<style>\n#image_2046368272 {\n  width: 100%;\n}\n<\/style>\n\t<\/div>\n\t\n\t\t<\/div>\n\t\t\t\t\t<\/div>\n\n\t\n<\/div>\n\t\t<\/div>\n\n\t\t\n<style>\n#section_605666669 {\n  padding-top: 150px;\n  padding-bottom: 150px;\n}\n#section_605666669 .section-bg.bg-loaded {\n  background-image: url(https:\/\/dev.wpark.ee\/wp-content\/uploads\/wpark_home_section_1.jpg);\n}\n#section_605666669 .section-bg {\n  background-position: 47% 80%;\n}\n#section_605666669 .ux-shape-divider--top svg {\n  height: 150px;\n  --divider-top-width: 100%;\n}\n#section_605666669 .ux-shape-divider--bottom svg {\n  height: 150px;\n  --divider-width: 100%;\n}\n<\/style>\n\t<\/section>\n\t\n","protected":false},"excerpt":{"rendered":"","protected":false},"author":2,"featured_media":0,"parent":0,"menu_order":0,"comment_status":"closed","ping_status":"closed","template":"page-transparent-header-light.php","meta":[],"yoast_head":"<!-- This site is optimized with the Yoast SEO plugin v19.0 - https:\/\/yoast.com\/wordpress\/plugins\/seo\/ -->\n<title>Glamping - WPark<\/title>\n<meta name=\"robots\" content=\"index, follow, max-snippet:-1, max-image-preview:large, max-video-preview:-1\" \/>\n<link rel=\"canonical\" href=\"https:\/\/dev.wpark.ee\/lv\/glamping\/\" \/>\n<meta property=\"og:locale\" content=\"lv_LV\" \/>\n<meta property=\"og:type\" content=\"article\" \/>\n<meta property=\"og:title\" content=\"Glamping - WPark\" \/>\n<meta property=\"og:url\" content=\"https:\/\/dev.wpark.ee\/lv\/glamping\/\" \/>\n<meta property=\"og:site_name\" content=\"WPark\" \/>\n<meta property=\"article:modified_time\" content=\"2021-08-24T19:17:18+00:00\" \/>\n<meta name=\"twitter:card\" content=\"summary_large_image\" \/>\n<meta name=\"twitter:label1\" content=\"Est. reading time\" \/>\n\t<meta name=\"twitter:data1\" content=\"1 minute\" \/>\n<script type=\"application\/ld+json\" class=\"yoast-schema-graph\">{\"@context\":\"https:\/\/schema.org\",\"@graph\":[{\"@type\":\"Organization\",\"@id\":\"https:\/\/dev.wpark.ee\/#organization\",\"name\":\"Wpark\",\"url\":\"https:\/\/dev.wpark.ee\/\",\"sameAs\":[],\"logo\":{\"@type\":\"ImageObject\",\"inLanguage\":\"lv-LV\",\"@id\":\"https:\/\/dev.wpark.ee\/#\/schema\/logo\/image\/\",\"url\":\"https:\/\/wpark.ee\/wp-content\/uploads\/Wpark_logo_black_compact_text_below_PNG.png\",\"contentUrl\":\"https:\/\/wpark.ee\/wp-content\/uploads\/Wpark_logo_black_compact_text_below_PNG.png\",\"width\":1215,\"height\":1184,\"caption\":\"Wpark\"},\"image\":{\"@id\":\"https:\/\/dev.wpark.ee\/#\/schema\/logo\/image\/\"}},{\"@type\":\"WebSite\",\"@id\":\"https:\/\/dev.wpark.ee\/#website\",\"url\":\"https:\/\/dev.wpark.ee\/\",\"name\":\"WPark\",\"description\":\"\",\"publisher\":{\"@id\":\"https:\/\/dev.wpark.ee\/#organization\"},\"potentialAction\":[{\"@type\":\"SearchAction\",\"target\":{\"@type\":\"EntryPoint\",\"urlTemplate\":\"https:\/\/dev.wpark.ee\/?s={search_term_string}\"},\"query-input\":\"required name=search_term_string\"}],\"inLanguage\":\"lv-LV\"},{\"@type\":\"WebPage\",\"@id\":\"https:\/\/dev.wpark.ee\/lv\/glamping\/#webpage\",\"url\":\"https:\/\/dev.wpark.ee\/lv\/glamping\/\",\"name\":\"Glamping - WPark\",\"isPartOf\":{\"@id\":\"https:\/\/dev.wpark.ee\/#website\"},\"datePublished\":\"2021-08-24T18:56:49+00:00\",\"dateModified\":\"2021-08-24T19:17:18+00:00\",\"breadcrumb\":{\"@id\":\"https:\/\/dev.wpark.ee\/lv\/glamping\/#breadcrumb\"},\"inLanguage\":\"lv-LV\",\"potentialAction\":[{\"@type\":\"ReadAction\",\"target\":[\"https:\/\/dev.wpark.ee\/lv\/glamping\/\"]}]},{\"@type\":\"BreadcrumbList\",\"@id\":\"https:\/\/dev.wpark.ee\/lv\/glamping\/#breadcrumb\",\"itemListElement\":[{\"@type\":\"ListItem\",\"position\":1,\"name\":\"Home\",\"item\":\"https:\/\/dev.wpark.ee\/lv\/\"},{\"@type\":\"ListItem\",\"position\":2,\"name\":\"Glamping\"}]}]}<\/script>\n<!-- \/ Yoast SEO plugin. -->","yoast_head_json":{"title":"Glamping - WPark","robots":{"index":"index","follow":"follow","max-snippet":"max-snippet:-1","max-image-preview":"max-image-preview:large","max-video-preview":"max-video-preview:-1"},"canonical":"https:\/\/dev.wpark.ee\/lv\/glamping\/","og_locale":"lv_LV","og_type":"article","og_title":"Glamping - WPark","og_url":"https:\/\/dev.wpark.ee\/lv\/glamping\/","og_site_name":"WPark","article_modified_time":"2021-08-24T19:17:18+00:00","twitter_card":"summary_large_image","twitter_misc":{"Est. reading time":"1 minute"},"schema":{"@context":"https:\/\/schema.org","@graph":[{"@type":"Organization","@id":"https:\/\/dev.wpark.ee\/#organization","name":"Wpark","url":"https:\/\/dev.wpark.ee\/","sameAs":[],"logo":{"@type":"ImageObject","inLanguage":"lv-LV","@id":"https:\/\/dev.wpark.ee\/#\/schema\/logo\/image\/","url":"https:\/\/wpark.ee\/wp-content\/uploads\/Wpark_logo_black_compact_text_below_PNG.png","contentUrl":"https:\/\/wpark.ee\/wp-content\/uploads\/Wpark_logo_black_compact_text_below_PNG.png","width":1215,"height":1184,"caption":"Wpark"},"image":{"@id":"https:\/\/dev.wpark.ee\/#\/schema\/logo\/image\/"}},{"@type":"WebSite","@id":"https:\/\/dev.wpark.ee\/#website","url":"https:\/\/dev.wpark.ee\/","name":"WPark","description":"","publisher":{"@id":"https:\/\/dev.wpark.ee\/#organization"},"potentialAction":[{"@type":"SearchAction","target":{"@type":"EntryPoint","urlTemplate":"https:\/\/dev.wpark.ee\/?s={search_term_string}"},"query-input":"required name=search_term_string"}],"inLanguage":"lv-LV"},{"@type":"WebPage","@id":"https:\/\/dev.wpark.ee\/lv\/glamping\/#webpage","url":"https:\/\/dev.wpark.ee\/lv\/glamping\/","name":"Glamping - WPark","isPartOf":{"@id":"https:\/\/dev.wpark.ee\/#website"},"datePublished":"2021-08-24T18:56:49+00:00","dateModified":"2021-08-24T19:17:18+00:00","breadcrumb":{"@id":"https:\/\/dev.wpark.ee\/lv\/glamping\/#breadcrumb"},"inLanguage":"lv-LV","potentialAction":[{"@type":"ReadAction","target":["https:\/\/dev.wpark.ee\/lv\/glamping\/"]}]},{"@type":"BreadcrumbList","@id":"https:\/\/dev.wpark.ee\/lv\/glamping\/#breadcrumb","itemListElement":[{"@type":"ListItem","position":1,"name":"Home","item":"https:\/\/dev.wpark.ee\/lv\/"},{"@type":"ListItem","position":2,"name":"Glamping"}]}]}},"_links":{"self":[{"href":"https:\/\/dev.wpark.ee\/lv\/wp-json\/wp\/v2\/pages\/5084"}],"collection":[{"href":"https:\/\/dev.wpark.ee\/lv\/wp-json\/wp\/v2\/pages"}],"about":[{"href":"https:\/\/dev.wpark.ee\/lv\/wp-json\/wp\/v2\/types\/page"}],"author":[{"embeddable":true,"href":"https:\/\/dev.wpark.ee\/lv\/wp-json\/wp\/v2\/users\/2"}],"replies":[{"embeddable":true,"href":"https:\/\/dev.wpark.ee\/lv\/wp-json\/wp\/v2\/comments?post=5084"}],"version-history":[{"count":5,"href":"https:\/\/dev.wpark.ee\/lv\/wp-json\/wp\/v2\/pages\/5084\/revisions"}],"predecessor-version":[{"id":5093,"href":"https:\/\/dev.wpark.ee\/lv\/wp-json\/wp\/v2\/pages\/5084\/revisions\/5093"}],"wp:attachment":[{"href":"https:\/\/dev.wpark.ee\/lv\/wp-json\/wp\/v2\/media?parent=5084"}],"curies":[{"name":"wp","href":"https:\/\/api.w.org\/{rel}","templated":true}]}}