{"id":1131,"date":"2020-07-28T08:40:11","date_gmt":"2020-07-28T05:40:11","guid":{"rendered":"https:\/\/wpark.ee\/?page_id=1131"},"modified":"2021-08-24T22:18:09","modified_gmt":"2021-08-24T19:18:09","slug":"edinasana","status":"publish","type":"page","link":"https:\/\/dev.wpark.ee\/lv\/edinasana\/","title":{"rendered":"\u0112din\u0101\u0161ana"},"content":{"rendered":"\t<section class=\"section dark\" id=\"section_571798088\">\n\t\t<div class=\"bg section-bg fill bg-fill  \" >\n\n\t\t\t\n\t\t\t\n\t\t\t\n\n\t\t<\/div>\n\n\t\t\n\n\t\t<div class=\"section-content relative\">\n\t\t\t\n<div class=\"row\"  id=\"row-1533077706\">\n\n\t<div id=\"col-1641813599\" class=\"col medium-5 small-12 large-3\"  >\n\t\t\t\t<div class=\"col-inner\"  >\n\t\t\t\n\t\t\t\n<ul class=\"main-nav\">\n<li><a href=\"https:\/\/wpark.ee\/lv\/pakalpojumi\/\">BI\u013bETES<\/a><\/li>\n<li><a href=\"\/lv\/papildu-pakalpojumi\">PAKALPOJUMI<\/a><\/li>\n<li><a href=\"\/lv\/edinasana\">\u0112DIN\u0100\u0160ANA<\/a><\/li>\n<li><a href=\"\/lv\/glamping\">GLAMPINGS<\/a><\/li>\n<\/ul>\n<div class=\"back-arrow\"><a href=\"https:\/\/wpark.ee\/lv#teenused\"><i class=\"icon-angle-left\"><\/i><\/a><\/div>\n\t<div id=\"gap-1708836086\" class=\"gap-element clearfix\" style=\"display:block; height:auto;\">\n\t\t\n<style>\n#gap-1708836086 {\n  padding-top: 30px;\n}\n<\/style>\n\t<\/div>\n\t\n<div class=\"back-arrow\"><a href=\"https:\/\/wpark.ee\/lv#teenused\"><i class=\"icon-angle-left\"><\/i><\/a><\/div>\n\t\t<\/div>\n\t\t\t\t\t<\/div>\n\n\t\n\n\t<div id=\"col-1621501429\" class=\"col pricing-list medium-7 small-12 large-5\"  >\n\t\t\t\t<div class=\"col-inner\"  >\n\t\t\t\n\t\t\t\n<h3>\u0112dienkarte<\/h3>\n<div class=\"row\"  id=\"row-1262629521\">\n\n\t<div id=\"col-1387259936\" class=\"col medium-9 small-9 large-9\"  >\n\t\t\t\t<div class=\"col-inner\"  >\n\t\t\t\n\t\t\t\n<p>Fr\u012b kartupe\u013cu mix ar lokiem un majon\u0113zi<\/p>\n\t\t<\/div>\n\t\t\t\t\t<\/div>\n\n\t\n\n\t<div id=\"col-1449621199\" class=\"col medium-3 small-3 large-3\"  >\n\t\t\t\t<div class=\"col-inner text-right\"  >\n\t\t\t\n\t\t\t\n<p>4 \u20ac<\/p>\n\t\t<\/div>\n\t\t\t\t\t<\/div>\n\n\t\n<\/div>\n<div class=\"row\"  id=\"row-302622586\">\n\n\t<div id=\"col-1785847585\" class=\"col medium-9 small-9 large-9\"  >\n\t\t\t\t<div class=\"col-inner\"  >\n\t\t\t\n\t\t\t\n<p>Tom kha ar garnel\u0113m un lasi<\/p>\n\t\t<\/div>\n\t\t\t\t\t<\/div>\n\n\t\n\n\t<div id=\"col-1979196323\" class=\"col medium-3 small-3 large-3\"  >\n\t\t\t\t<div class=\"col-inner text-right\"  >\n\t\t\t\n\t\t\t\n<p>7 \u20ac<\/p>\n\t\t<\/div>\n\t\t\t\t\t<\/div>\n\n\t\n<\/div>\n<div class=\"row price-no-space\"  id=\"row-1443944723\">\n\n\t<div id=\"col-1199471868\" class=\"col medium-9 small-9 large-9\"  >\n\t\t\t\t<div class=\"col-inner\"  >\n\t\t\t\n\t\t\t\n<p>Siltie sal\u0101ti, za\u013cie gri\u0137i, kartupe\u013ci ar kurkumu un marin\u0113ti d\u0101rze\u0146i. Piedev\u0101m var izv\u0113l\u0113ties:<\/p>\n\t\t<\/div>\n\t\t\t\t\t<\/div>\n\n\t\n\n\t<div id=\"col-1236910800\" class=\"col medium-3 small-3 large-3\"  >\n\t\t\t\t<div class=\"col-inner text-right\"  >\n\t\t\t\n\t\t\t\n\t\t<\/div>\n\t\t\t\t\t<\/div>\n\n\t\n<\/div>\n<div class=\"row\"  id=\"row-1907279306\">\n\n\t<div id=\"col-711576724\" class=\"col medium-9 small-9 large-9\"  >\n\t\t\t\t<div class=\"col-inner\"  >\n\t\t\t\n\t\t\t\n<p>vistas fileju,<br \/>\nlasi,<br \/>\ntofu.<br \/>\n*variants ar tofu ir veg\u0101ns<\/p>\n\t\t<\/div>\n\t\t\t\t\t<\/div>\n\n\t\n\n\t<div id=\"col-2140261712\" class=\"col medium-3 small-3 large-3\"  >\n\t\t\t\t<div class=\"col-inner text-right\"  >\n\t\t\t\n\t\t\t\n<p>6 \u20ac<br \/>\n7 \u20ac<br \/>\n6 \u20ac<\/p>\n\t\t<\/div>\n\t\t\t\t\t<\/div>\n\n\t\n<\/div>\n<div class=\"row\"  id=\"row-1780556497\">\n\n\t<div id=\"col-1757126560\" class=\"col medium-9 small-9 large-9\"  >\n\t\t\t\t<div class=\"col-inner\"  >\n\t\t\t\n\t\t\t\n<p>Sviestmaize ar olu un bekonu, un marin\u0113tiem s\u012bpoliem<\/p>\n\t\t<\/div>\n\t\t\t\t\t<\/div>\n\n\t\n\n\t<div id=\"col-49435996\" class=\"col medium-3 small-3 large-3\"  >\n\t\t\t\t<div class=\"col-inner text-right\"  >\n\t\t\t\n\t\t\t\n<p>6 \u20ac<\/p>\n\t\t<\/div>\n\t\t\t\t\t<\/div>\n\n\t\n<\/div>\n<div class=\"row\"  id=\"row-1413293211\">\n\n\t<div id=\"col-1435050721\" class=\"col medium-9 small-9 large-9\"  >\n\t\t\t\t<div class=\"col-inner\"  >\n\t\t\t\n\t\t\t\n<p>Sviestmaize ar avokado un tom\u0101tu<\/p>\n\t\t<\/div>\n\t\t\t\t\t<\/div>\n\n\t\n\n\t<div id=\"col-1350594950\" class=\"col medium-3 small-3 large-3\"  >\n\t\t\t\t<div class=\"col-inner text-right\"  >\n\t\t\t\n\t\t\t\n<p>4 \u20ac<\/p>\n\t\t<\/div>\n\t\t\t\t\t<\/div>\n\n\t\n<\/div>\n<div class=\"row\"  id=\"row-1007695917\">\n\n\t<div id=\"col-222820939\" class=\"col medium-9 small-9 large-9\"  >\n\t\t\t\t<div class=\"col-inner\"  >\n\t\t\t\n\t\t\t\n<p>Sviestmaize ar lasi, marin\u0113tiem gur\u0137iem un svaigo sieru<\/p>\n\t\t<\/div>\n\t\t\t\t\t<\/div>\n\n\t\n\n\t<div id=\"col-607103516\" class=\"col medium-3 small-3 large-3\"  >\n\t\t\t\t<div class=\"col-inner text-right\"  >\n\t\t\t\n\t\t\t\n<p>6 \u20ac<\/p>\n\t\t<\/div>\n\t\t\t\t\t<\/div>\n\n\t\n<\/div>\n<div class=\"row price-no-space\"  id=\"row-1656774851\">\n\n\t<div id=\"col-724012925\" class=\"col medium-9 small-9 large-9\"  >\n\t\t\t\t<div class=\"col-inner\"  >\n\t\t\t\n\t\t\t\n<p>Krauk\u0161\u0137\u012bga vistas fileja vai tofu ar ceptiem r\u012bsiem un mango-\u010dili m\u0113rci<\/p>\n\t\t<\/div>\n\t\t\t\t\t<\/div>\n\n\t\n\n\t<div id=\"col-1065915412\" class=\"col medium-3 small-3 large-3\"  >\n\t\t\t\t<div class=\"col-inner text-right\"  >\n\t\t\t\n\t\t\t\n<p>8 \u20ac<\/p>\n\t\t<\/div>\n\t\t\t\t\t<\/div>\n\n\t\n<\/div>\n<div class=\"row\"  id=\"row-1509247476\">\n\n\t<div id=\"col-350753302\" class=\"col medium-9 small-9 large-9\"  >\n\t\t\t\t<div class=\"col-inner\"  >\n\t\t\t\n\t\t\t\n<p>** variants ar tofu ir veg\u0101ns<\/p>\n\t\t<\/div>\n\t\t\t\t\t<\/div>\n\n\t\n\n\t<div id=\"col-973477283\" class=\"col medium-3 small-3 large-3\"  >\n\t\t\t\t<div class=\"col-inner text-right\"  >\n\t\t\t\n\t\t\t\n\t\t<\/div>\n\t\t\t\t\t<\/div>\n\n\t\n<\/div>\n<div class=\"row\"  id=\"row-54870345\">\n\n\t<div id=\"col-1346244449\" class=\"col medium-9 small-9 large-9\"  >\n\t\t\t\t<div class=\"col-inner\"  >\n\t\t\t\n\t\t\t\n<p>Burgers ar liellopa ga\u013cu un cole slaw ar sal\u0101tiem<\/p>\n\t\t<\/div>\n\t\t\t\t\t<\/div>\n\n\t\n\n\t<div id=\"col-1107802868\" class=\"col medium-3 small-3 large-3\"  >\n\t\t\t\t<div class=\"col-inner text-right\"  >\n\t\t\t\n\t\t\t\n<p>7 \u20ac<\/p>\n\t\t<\/div>\n\t\t\t\t\t<\/div>\n\n\t\n<\/div>\n<div class=\"row\"  id=\"row-1190908996\">\n\n\t<div id=\"col-1410827079\" class=\"col medium-9 small-9 large-9\"  >\n\t\t\t\t<div class=\"col-inner\"  >\n\t\t\t\n\t\t\t\n<p>Portobello burgers cole slawar sal\u0101tiem (veg\u0101ns)<\/p>\n\t\t<\/div>\n\t\t\t\t\t<\/div>\n\n\t\n\n\t<div id=\"col-1083460187\" class=\"col medium-3 small-3 large-3\"  >\n\t\t\t\t<div class=\"col-inner text-right\"  >\n\t\t\t\n\t\t\t\n<p>6 \u20ac<\/p>\n\t\t<\/div>\n\t\t\t\t\t<\/div>\n\n\t\n<\/div>\n<div class=\"row\"  id=\"row-2062168670\">\n\n\t<div id=\"col-1190062592\" class=\"col medium-9 small-9 large-9\"  >\n\t\t\t\t<div class=\"col-inner\"  >\n\t\t\t\n\t\t\t\n<p>Pank\u016bkas ar mago\u0146u s\u0113kl\u0101m, zemesriekstu m\u0113rce un \u0137ir\u0161u iev\u0101r\u012bjums (veg\u0101ns)<\/p>\n\t\t<\/div>\n\t\t\t\t\t<\/div>\n\n\t\n\n\t<div id=\"col-1375532953\" class=\"col medium-3 small-3 large-3\"  >\n\t\t\t\t<div class=\"col-inner text-right\"  >\n\t\t\t\n\t\t\t\n<p>5 \u20ac<\/p>\n\t\t<\/div>\n\t\t\t\t\t<\/div>\n\n\t\n<\/div>\n<div class=\"row\"  id=\"row-1866789741\">\n\n\t<div id=\"col-649464822\" class=\"col medium-9 small-9 large-9\"  >\n\t\t\t\t<div class=\"col-inner\"  >\n\t\t\t\n\t\t\t\n<p>Sm\u016btija b\u013codi\u0146a<\/p>\n\t\t<\/div>\n\t\t\t\t\t<\/div>\n\n\t\n\n\t<div id=\"col-2118235616\" class=\"col medium-3 small-3 large-3\"  >\n\t\t\t\t<div class=\"col-inner text-right\"  >\n\t\t\t\n\t\t\t\n<p>5 \u20ac<\/p>\n\t\t<\/div>\n\t\t\t\t\t<\/div>\n\n\t\n<\/div>\n\t\t<\/div>\n\t\t\t\t\t<\/div>\n\n\t\n\n\t<div id=\"col-1238940041\" class=\"col side-image hide-for-medium medium-4 small-12 large-4\"  >\n\t\t\t\t<div class=\"col-inner\"  >\n\t\t\t\n\t\t\t\n\t<div class=\"img has-hover x md-x lg-x y md-y lg-y\" id=\"image_500813168\">\n\t\t\t\t\t\t\t\t<div class=\"img-inner image-cover dark\" style=\"padding-top:100%;\">\n\t\t\t<img width=\"386\" height=\"560\" src=\"https:\/\/dev.wpark.ee\/wp-content\/uploads\/filipe-de-rodrigues-SpMmd2jgL2w-unsplash.png\" class=\"attachment-original size-original\" alt=\"\" loading=\"lazy\" \/>\t\t\t\t\t\t\n\t\t\t\t\t<\/div>\n\t\t\t\t\t\t\t\t\n<style>\n#image_500813168 {\n  width: 100%;\n}\n<\/style>\n\t<\/div>\n\t\n\t\t<\/div>\n\t\t\t\t\t<\/div>\n\n\t\n<\/div>\n\t\t<\/div>\n\n\t\t\n<style>\n#section_571798088 {\n  padding-top: 150px;\n  padding-bottom: 150px;\n}\n#section_571798088 .section-bg.bg-loaded {\n  background-image: url(https:\/\/dev.wpark.ee\/wp-content\/uploads\/wpark_home_section_1.jpg);\n}\n#section_571798088 .section-bg {\n  background-position: 47% 80%;\n}\n#section_571798088 .ux-shape-divider--top svg {\n  height: 150px;\n  --divider-top-width: 100%;\n}\n#section_571798088 .ux-shape-divider--bottom svg {\n  height: 150px;\n  --divider-width: 100%;\n}\n<\/style>\n\t<\/section>\n\t\n","protected":false},"excerpt":{"rendered":"","protected":false},"author":2,"featured_media":0,"parent":0,"menu_order":0,"comment_status":"closed","ping_status":"closed","template":"page-transparent-header-light.php","meta":[],"yoast_head":"<!-- This site is optimized with the Yoast SEO plugin v19.0 - https:\/\/yoast.com\/wordpress\/plugins\/seo\/ -->\n<title>\u0112din\u0101\u0161ana - WPark<\/title>\n<meta name=\"robots\" content=\"index, follow, max-snippet:-1, max-image-preview:large, max-video-preview:-1\" \/>\n<link rel=\"canonical\" href=\"https:\/\/dev.wpark.ee\/lv\/edinasana\/\" \/>\n<meta property=\"og:locale\" content=\"lv_LV\" \/>\n<meta property=\"og:type\" content=\"article\" \/>\n<meta property=\"og:title\" content=\"\u0112din\u0101\u0161ana - WPark\" \/>\n<meta property=\"og:url\" content=\"https:\/\/dev.wpark.ee\/lv\/edinasana\/\" \/>\n<meta property=\"og:site_name\" content=\"WPark\" \/>\n<meta property=\"article:modified_time\" content=\"2021-08-24T19:18:09+00:00\" \/>\n<meta name=\"twitter:card\" content=\"summary_large_image\" \/>\n<meta name=\"twitter:label1\" content=\"Est. reading time\" \/>\n\t<meta name=\"twitter:data1\" content=\"2 minutes\" \/>\n<script type=\"application\/ld+json\" class=\"yoast-schema-graph\">{\"@context\":\"https:\/\/schema.org\",\"@graph\":[{\"@type\":\"Organization\",\"@id\":\"https:\/\/dev.wpark.ee\/#organization\",\"name\":\"Wpark\",\"url\":\"https:\/\/dev.wpark.ee\/\",\"sameAs\":[],\"logo\":{\"@type\":\"ImageObject\",\"inLanguage\":\"lv-LV\",\"@id\":\"https:\/\/dev.wpark.ee\/#\/schema\/logo\/image\/\",\"url\":\"https:\/\/wpark.ee\/wp-content\/uploads\/Wpark_logo_black_compact_text_below_PNG.png\",\"contentUrl\":\"https:\/\/wpark.ee\/wp-content\/uploads\/Wpark_logo_black_compact_text_below_PNG.png\",\"width\":1215,\"height\":1184,\"caption\":\"Wpark\"},\"image\":{\"@id\":\"https:\/\/dev.wpark.ee\/#\/schema\/logo\/image\/\"}},{\"@type\":\"WebSite\",\"@id\":\"https:\/\/dev.wpark.ee\/#website\",\"url\":\"https:\/\/dev.wpark.ee\/\",\"name\":\"WPark\",\"description\":\"\",\"publisher\":{\"@id\":\"https:\/\/dev.wpark.ee\/#organization\"},\"potentialAction\":[{\"@type\":\"SearchAction\",\"target\":{\"@type\":\"EntryPoint\",\"urlTemplate\":\"https:\/\/dev.wpark.ee\/?s={search_term_string}\"},\"query-input\":\"required name=search_term_string\"}],\"inLanguage\":\"lv-LV\"},{\"@type\":\"WebPage\",\"@id\":\"https:\/\/dev.wpark.ee\/lv\/edinasana\/#webpage\",\"url\":\"https:\/\/dev.wpark.ee\/lv\/edinasana\/\",\"name\":\"\u0112din\u0101\u0161ana - WPark\",\"isPartOf\":{\"@id\":\"https:\/\/dev.wpark.ee\/#website\"},\"datePublished\":\"2020-07-28T05:40:11+00:00\",\"dateModified\":\"2021-08-24T19:18:09+00:00\",\"breadcrumb\":{\"@id\":\"https:\/\/dev.wpark.ee\/lv\/edinasana\/#breadcrumb\"},\"inLanguage\":\"lv-LV\",\"potentialAction\":[{\"@type\":\"ReadAction\",\"target\":[\"https:\/\/dev.wpark.ee\/lv\/edinasana\/\"]}]},{\"@type\":\"BreadcrumbList\",\"@id\":\"https:\/\/dev.wpark.ee\/lv\/edinasana\/#breadcrumb\",\"itemListElement\":[{\"@type\":\"ListItem\",\"position\":1,\"name\":\"Home\",\"item\":\"https:\/\/dev.wpark.ee\/lv\/\"},{\"@type\":\"ListItem\",\"position\":2,\"name\":\"\u0112din\u0101\u0161ana\"}]}]}<\/script>\n<!-- \/ Yoast SEO plugin. -->","yoast_head_json":{"title":"\u0112din\u0101\u0161ana - WPark","robots":{"index":"index","follow":"follow","max-snippet":"max-snippet:-1","max-image-preview":"max-image-preview:large","max-video-preview":"max-video-preview:-1"},"canonical":"https:\/\/dev.wpark.ee\/lv\/edinasana\/","og_locale":"lv_LV","og_type":"article","og_title":"\u0112din\u0101\u0161ana - WPark","og_url":"https:\/\/dev.wpark.ee\/lv\/edinasana\/","og_site_name":"WPark","article_modified_time":"2021-08-24T19:18:09+00:00","twitter_card":"summary_large_image","twitter_misc":{"Est. reading time":"2 minutes"},"schema":{"@context":"https:\/\/schema.org","@graph":[{"@type":"Organization","@id":"https:\/\/dev.wpark.ee\/#organization","name":"Wpark","url":"https:\/\/dev.wpark.ee\/","sameAs":[],"logo":{"@type":"ImageObject","inLanguage":"lv-LV","@id":"https:\/\/dev.wpark.ee\/#\/schema\/logo\/image\/","url":"https:\/\/wpark.ee\/wp-content\/uploads\/Wpark_logo_black_compact_text_below_PNG.png","contentUrl":"https:\/\/wpark.ee\/wp-content\/uploads\/Wpark_logo_black_compact_text_below_PNG.png","width":1215,"height":1184,"caption":"Wpark"},"image":{"@id":"https:\/\/dev.wpark.ee\/#\/schema\/logo\/image\/"}},{"@type":"WebSite","@id":"https:\/\/dev.wpark.ee\/#website","url":"https:\/\/dev.wpark.ee\/","name":"WPark","description":"","publisher":{"@id":"https:\/\/dev.wpark.ee\/#organization"},"potentialAction":[{"@type":"SearchAction","target":{"@type":"EntryPoint","urlTemplate":"https:\/\/dev.wpark.ee\/?s={search_term_string}"},"query-input":"required name=search_term_string"}],"inLanguage":"lv-LV"},{"@type":"WebPage","@id":"https:\/\/dev.wpark.ee\/lv\/edinasana\/#webpage","url":"https:\/\/dev.wpark.ee\/lv\/edinasana\/","name":"\u0112din\u0101\u0161ana - WPark","isPartOf":{"@id":"https:\/\/dev.wpark.ee\/#website"},"datePublished":"2020-07-28T05:40:11+00:00","dateModified":"2021-08-24T19:18:09+00:00","breadcrumb":{"@id":"https:\/\/dev.wpark.ee\/lv\/edinasana\/#breadcrumb"},"inLanguage":"lv-LV","potentialAction":[{"@type":"ReadAction","target":["https:\/\/dev.wpark.ee\/lv\/edinasana\/"]}]},{"@type":"BreadcrumbList","@id":"https:\/\/dev.wpark.ee\/lv\/edinasana\/#breadcrumb","itemListElement":[{"@type":"ListItem","position":1,"name":"Home","item":"https:\/\/dev.wpark.ee\/lv\/"},{"@type":"ListItem","position":2,"name":"\u0112din\u0101\u0161ana"}]}]}},"_links":{"self":[{"href":"https:\/\/dev.wpark.ee\/lv\/wp-json\/wp\/v2\/pages\/1131"}],"collection":[{"href":"https:\/\/dev.wpark.ee\/lv\/wp-json\/wp\/v2\/pages"}],"about":[{"href":"https:\/\/dev.wpark.ee\/lv\/wp-json\/wp\/v2\/types\/page"}],"author":[{"embeddable":true,"href":"https:\/\/dev.wpark.ee\/lv\/wp-json\/wp\/v2\/users\/2"}],"replies":[{"embeddable":true,"href":"https:\/\/dev.wpark.ee\/lv\/wp-json\/wp\/v2\/comments?post=1131"}],"version-history":[{"count":5,"href":"https:\/\/dev.wpark.ee\/lv\/wp-json\/wp\/v2\/pages\/1131\/revisions"}],"predecessor-version":[{"id":5100,"href":"https:\/\/dev.wpark.ee\/lv\/wp-json\/wp\/v2\/pages\/1131\/revisions\/5100"}],"wp:attachment":[{"href":"https:\/\/dev.wpark.ee\/lv\/wp-json\/wp\/v2\/media?parent=1131"}],"curies":[{"name":"wp","href":"https:\/\/api.w.org\/{rel}","templated":true}]}}