{"id":1129,"date":"2020-07-28T08:39:49","date_gmt":"2020-07-28T05:39:49","guid":{"rendered":"https:\/\/wpark.ee\/?page_id=1129"},"modified":"2021-08-24T22:17:47","modified_gmt":"2021-08-24T19:17:47","slug":"papildu-pakalpojumi","status":"publish","type":"page","link":"https:\/\/dev.wpark.ee\/lv\/papildu-pakalpojumi\/","title":{"rendered":"Papildu pakalpojumi"},"content":{"rendered":"\t<section class=\"section fix-screen dark\" id=\"section_86332019\">\n\t\t<div class=\"bg section-bg fill bg-fill  \" >\n\n\t\t\t\n\t\t\t\n\t\t\t\n\n\t\t<\/div>\n\n\t\t\n\n\t\t<div class=\"section-content relative\">\n\t\t\t\n<div class=\"row\"  id=\"row-354379987\">\n\n\t<div id=\"col-1796420812\" class=\"col medium-5 small-12 large-3\"  >\n\t\t\t\t<div class=\"col-inner\"  >\n\t\t\t\n\t\t\t\n<ul class=\"main-nav\">\n<li><a href=\"https:\/\/wpark.ee\/lv\/pakalpojumi\/\">BI\u013bETES<\/a><\/li>\n<li><a href=\"\/lv\/papildu-pakalpojumi\">PAKALPOJUMI<\/a><\/li>\n<li><a href=\"\/lv\/edinasana\">\u0112DIN\u0100\u0160ANA<\/a><\/li>\n<li><a href=\"\/lv\/glamping\">GLAMPINGS<\/a><\/li>\n<\/ul>\n<div class=\"back-arrow\"><a href=\"https:\/\/wpark.ee\/lv#teenused\"><i class=\"icon-angle-left\"><\/i><\/a><\/div>\n\t<div id=\"gap-257549379\" class=\"gap-element clearfix\" style=\"display:block; height:auto;\">\n\t\t\n<style>\n#gap-257549379 {\n  padding-top: 30px;\n}\n<\/style>\n\t<\/div>\n\t\n<div class=\"back-arrow\"><a href=\"https:\/\/wpark.ee\/lv#teenused\"><i class=\"icon-angle-left\"><\/i><\/a><\/div>\n\t\t<\/div>\n\t\t\t\t\t<\/div>\n\n\t\n\n\t<div id=\"col-2022010568\" class=\"col pricing-list medium-7 small-12 large-5\"  >\n\t\t\t\t<div class=\"col-inner\"  >\n\t\t\t\n\t\t\t\n<h3>Papildu pakalpojumi<\/h3>\n<div class=\"row price-no-space\"  id=\"row-1453097143\">\n\n\t<div id=\"col-1381237391\" class=\"col medium-6 small-5 large-6\"  >\n\t\t\t\t<div class=\"col-inner\"  >\n\t\t\t\n\t\t\t\n<p>Hidrot\u0113rpa noma<\/p>\n\t\t<\/div>\n\t\t\t\t\t<\/div>\n\n\t\n\n\t<div id=\"col-1131046628\" class=\"col medium-3 small-4 large-3\"  >\n\t\t\t\t<div class=\"col-inner text-right\"  >\n\t\t\t\n\t\t\t\n<p>2 h \/ diena<\/p>\n\t\t<\/div>\n\t\t\t\t\t<\/div>\n\n\t\n\n\t<div id=\"col-1509967488\" class=\"col medium-3 small-3 large-3\"  >\n\t\t\t\t<div class=\"col-inner text-right\"  >\n\t\t\t\n\t\t\t\n<p>4 \u20ac \/6 \u20ac<\/p>\n\t\t<\/div>\n\t\t\t\t\t<\/div>\n\n\t\n<\/div>\n<div class=\"row price-no-space\"  id=\"row-1252107192\">\n\n\t<div id=\"col-1131955026\" class=\"col medium-6 small-5 large-6\"  >\n\t\t\t\t<div class=\"col-inner\"  >\n\t\t\t\n\t\t\t\n<p>Wake skate noma<\/p>\n\t\t<\/div>\n\t\t\t\t\t<\/div>\n\n\t\n\n\t<div id=\"col-439814709\" class=\"col medium-3 small-4 large-3\"  >\n\t\t\t\t<div class=\"col-inner text-right\"  >\n\t\t\t\n\t\t\t\n<p>2 h \/ diena<\/p>\n\t\t<\/div>\n\t\t\t\t\t<\/div>\n\n\t\n\n\t<div id=\"col-116749462\" class=\"col medium-3 small-3 large-3\"  >\n\t\t\t\t<div class=\"col-inner text-right\"  >\n\t\t\t\n\t\t\t\n<p>10 \u20ac \/ 15 \u20ac<\/p>\n\t\t<\/div>\n\t\t\t\t\t<\/div>\n\n\t\n<\/div>\n<div class=\"row price-no-space\"  id=\"row-1209155154\">\n\n\t<div id=\"col-1950993610\" class=\"col medium-6 small-5 large-6\"  >\n\t\t\t\t<div class=\"col-inner\"  >\n\t\t\t\n\t\t\t\n<p>PARK board<\/p>\n\t\t<\/div>\n\t\t\t\t\t<\/div>\n\n\t\n\n\t<div id=\"col-1481241355\" class=\"col medium-3 small-4 large-3\"  >\n\t\t\t\t<div class=\"col-inner text-right\"  >\n\t\t\t\n\t\t\t\n<p>2 h \/ diena<\/p>\n\t\t<\/div>\n\t\t\t\t\t<\/div>\n\n\t\n\n\t<div id=\"col-1472870062\" class=\"col medium-3 small-3 large-3\"  >\n\t\t\t\t<div class=\"col-inner text-right\"  >\n\t\t\t\n\t\t\t\n<p>4 \u20ac \/ 6 \u20ac<\/p>\n\t\t<\/div>\n\t\t\t\t\t<\/div>\n\n\t\n<\/div>\n<div class=\"row price-no-space\"  id=\"row-401287960\">\n\n\t<div id=\"col-662341072\" class=\"col medium-6 small-5 large-6\"  >\n\t\t\t\t<div class=\"col-inner\"  >\n\t\t\t\n\t\t\t\n<p>SUP<\/p>\n\t\t<\/div>\n\t\t\t\t\t<\/div>\n\n\t\n\n\t<div id=\"col-1878823098\" class=\"col medium-3 small-4 large-3\"  >\n\t\t\t\t<div class=\"col-inner text-right\"  >\n\t\t\t\n\t\t\t\n<p>1 h \/ diena<\/p>\n\t\t<\/div>\n\t\t\t\t\t<\/div>\n\n\t\n\n\t<div id=\"col-192236257\" class=\"col medium-3 small-3 large-3\"  >\n\t\t\t\t<div class=\"col-inner text-right\"  >\n\t\t\t\n\t\t\t\n<p>10 \u20ac \/ 40 \u20ac<\/p>\n\t\t<\/div>\n\t\t\t\t\t<\/div>\n\n\t\n<\/div>\n<div class=\"row price-no-space\"  id=\"row-383787896\">\n\n\t<div id=\"col-920098347\" class=\"col medium-6 small-5 large-6\"  >\n\t\t\t\t<div class=\"col-inner\"  >\n\t\t\t\n\t\t\t\n<p>Kanoe<\/p>\n\t\t<\/div>\n\t\t\t\t\t<\/div>\n\n\t\n\n\t<div id=\"col-1006946909\" class=\"col medium-3 small-4 large-3\"  >\n\t\t\t\t<div class=\"col-inner text-right\"  >\n\t\t\t\n\t\t\t\n<p>1 h \/ diena<\/p>\n\t\t<\/div>\n\t\t\t\t\t<\/div>\n\n\t\n\n\t<div id=\"col-452150659\" class=\"col medium-3 small-3 large-3\"  >\n\t\t\t\t<div class=\"col-inner text-right\"  >\n\t\t\t\n\t\t\t\n<p>10 \u20ac \/ 35 \u20ac<\/p>\n\t\t<\/div>\n\t\t\t\t\t<\/div>\n\n\t\n<\/div>\n<div class=\"row price-no-space\"  id=\"row-1526023318\">\n\n\t<div id=\"col-600212317\" class=\"col medium-6 small-5 large-6\"  >\n\t\t\t\t<div class=\"col-inner\"  >\n\t\t\t\n\t\t\t\n<p>Katamar\u0101ns<\/p>\n\t\t<\/div>\n\t\t\t\t\t<\/div>\n\n\t\n\n\t<div id=\"col-1610017968\" class=\"col medium-3 small-4 large-3\"  >\n\t\t\t\t<div class=\"col-inner text-right\"  >\n\t\t\t\n\t\t\t\n<p>1 h<\/p>\n\t\t<\/div>\n\t\t\t\t\t<\/div>\n\n\t\n\n\t<div id=\"col-2014749705\" class=\"col medium-3 small-3 large-3\"  >\n\t\t\t\t<div class=\"col-inner text-right\"  >\n\t\t\t\n\t\t\t\n<p>10 \u20ac<\/p>\n\t\t<\/div>\n\t\t\t\t\t<\/div>\n\n\t\n<\/div>\n<div class=\"row price-no-space\"  id=\"row-737776639\">\n\n\t<div id=\"col-205512512\" class=\"col medium-6 small-5 large-6\"  >\n\t\t\t\t<div class=\"col-inner\"  >\n\t\t\t\n\t\t\t\n<p>Brauciens ar piep\u016b\u0161amo p\u016bsli 2.0<\/p>\n\t\t<\/div>\n\t\t\t\t\t<\/div>\n\n\t\n\n\t<div id=\"col-1944935605\" class=\"col medium-3 small-4 large-3\"  >\n\t\t\t\t<div class=\"col-inner text-right\"  >\n\t\t\t\n\t\t\t\n<p>5 min<\/p>\n\t\t<\/div>\n\t\t\t\t\t<\/div>\n\n\t\n\n\t<div id=\"col-750375313\" class=\"col medium-3 small-3 large-3\"  >\n\t\t\t\t<div class=\"col-inner text-right\"  >\n\t\t\t\n\t\t\t\n<p>8 \u20ac<\/p>\n\t\t<\/div>\n\t\t\t\t\t<\/div>\n\n\t\n<\/div>\n<div class=\"row price-no-space\"  id=\"row-855891440\">\n\n\t<div id=\"col-666715750\" class=\"col medium-6 small-5 large-6\"  >\n\t\t\t\t<div class=\"col-inner\"  >\n\t\t\t\n\t\t\t\n<p>Pirts (tostarp skap\u012b\u0161a izmanto\u0161ana, bez bi\u013cetes uz kabe\u013cu parku)<\/p>\n\t\t<\/div>\n\t\t\t\t\t<\/div>\n\n\t\n\n\t<div id=\"col-1147999573\" class=\"col medium-3 small-4 large-3\"  >\n\t\t\t\t<div class=\"col-inner text-right\"  >\n\t\t\t\n\t\t\t\n<p>1 reize<\/p>\n\t\t<\/div>\n\t\t\t\t\t<\/div>\n\n\t\n\n\t<div id=\"col-1712267846\" class=\"col medium-3 small-3 large-3\"  >\n\t\t\t\t<div class=\"col-inner text-right\"  >\n\t\t\t\n\t\t\t\n<p>5 \u20ac<\/p>\n\t\t<\/div>\n\t\t\t\t\t<\/div>\n\n\t\n<\/div>\n<div class=\"row price-no-space\"  id=\"row-1837246580\">\n\n\t<div id=\"col-682096092\" class=\"col medium-6 small-5 large-6\"  >\n\t\t\t\t<div class=\"col-inner\"  >\n\t\t\t\n\t\t\t\n\t\t<\/div>\n\t\t\t\t\t<\/div>\n\n\t\n\n\t<div id=\"col-1669092846\" class=\"col medium-3 small-4 large-3\"  >\n\t\t\t\t<div class=\"col-inner text-right\"  >\n\t\t\t\n\t\t\t\n\t\t<\/div>\n\t\t\t\t\t<\/div>\n\n\t\n\n\t<div id=\"col-1759395123\" class=\"col medium-3 small-3 large-3\"  >\n\t\t\t\t<div class=\"col-inner text-right\"  >\n\t\t\t\n\t\t\t\n\t\t<\/div>\n\t\t\t\t\t<\/div>\n\n\t\n<\/div>\n\t\t<\/div>\n\t\t\t\t\t<\/div>\n\n\t\n\n\t<div id=\"col-715549639\" class=\"col side-image hide-for-medium medium-4 small-12 large-4\"  >\n\t\t\t\t<div class=\"col-inner\"  >\n\t\t\t\n\t\t\t\n\t<div class=\"img has-hover x md-x lg-x y md-y lg-y\" id=\"image_1679596638\">\n\t\t\t\t\t\t\t\t<div class=\"img-inner image-cover dark\" style=\"padding-top:100%;\">\n\t\t\t<img width=\"2560\" height=\"1584\" src=\"https:\/\/dev.wpark.ee\/wp-content\/uploads\/wake-05-1-scaled.jpg\" class=\"attachment-original size-original\" alt=\"Weiko 5.0 ringkaabli raja \u00e4\u00e4res\" loading=\"lazy\" srcset=\"https:\/\/dev.wpark.ee\/wp-content\/uploads\/wake-05-1-scaled.jpg 2560w, https:\/\/dev.wpark.ee\/wp-content\/uploads\/wake-05-1-scaled-600x371.jpg 600w\" sizes=\"(max-width: 2560px) 100vw, 2560px\" \/>\t\t\t\t\t\t\n\t\t\t\t\t<\/div>\n\t\t\t\t\t\t\t\t\n<style>\n#image_1679596638 {\n  width: 100%;\n}\n<\/style>\n\t<\/div>\n\t\n\t\t<\/div>\n\t\t\t\t\t<\/div>\n\n\t\n<\/div>\n\t\t<\/div>\n\n\t\t\n<style>\n#section_86332019 {\n  padding-top: 150px;\n  padding-bottom: 150px;\n}\n#section_86332019 .section-bg.bg-loaded {\n  background-image: url(https:\/\/dev.wpark.ee\/wp-content\/uploads\/wpark_home_section_1.jpg);\n}\n#section_86332019 .section-bg {\n  background-position: 47% 80%;\n}\n#section_86332019 .ux-shape-divider--top svg {\n  height: 150px;\n  --divider-top-width: 100%;\n}\n#section_86332019 .ux-shape-divider--bottom svg {\n  height: 150px;\n  --divider-width: 100%;\n}\n<\/style>\n\t<\/section>\n\t\n","protected":false},"excerpt":{"rendered":"","protected":false},"author":2,"featured_media":0,"parent":0,"menu_order":0,"comment_status":"closed","ping_status":"closed","template":"page-transparent-header-light.php","meta":[],"yoast_head":"<!-- This site is optimized with the Yoast SEO plugin v19.0 - https:\/\/yoast.com\/wordpress\/plugins\/seo\/ -->\n<title>Papildu pakalpojumi - WPark<\/title>\n<meta name=\"robots\" content=\"index, follow, max-snippet:-1, max-image-preview:large, max-video-preview:-1\" \/>\n<link rel=\"canonical\" href=\"https:\/\/dev.wpark.ee\/lv\/papildu-pakalpojumi\/\" \/>\n<meta property=\"og:locale\" content=\"lv_LV\" \/>\n<meta property=\"og:type\" content=\"article\" \/>\n<meta property=\"og:title\" content=\"Papildu pakalpojumi - WPark\" \/>\n<meta property=\"og:url\" content=\"https:\/\/dev.wpark.ee\/lv\/papildu-pakalpojumi\/\" \/>\n<meta property=\"og:site_name\" content=\"WPark\" \/>\n<meta property=\"article:modified_time\" content=\"2021-08-24T19:17:47+00:00\" \/>\n<meta name=\"twitter:card\" content=\"summary_large_image\" \/>\n<meta name=\"twitter:label1\" content=\"Est. reading time\" \/>\n\t<meta name=\"twitter:data1\" content=\"2 minutes\" \/>\n<script type=\"application\/ld+json\" class=\"yoast-schema-graph\">{\"@context\":\"https:\/\/schema.org\",\"@graph\":[{\"@type\":\"Organization\",\"@id\":\"https:\/\/dev.wpark.ee\/#organization\",\"name\":\"Wpark\",\"url\":\"https:\/\/dev.wpark.ee\/\",\"sameAs\":[],\"logo\":{\"@type\":\"ImageObject\",\"inLanguage\":\"lv-LV\",\"@id\":\"https:\/\/dev.wpark.ee\/#\/schema\/logo\/image\/\",\"url\":\"https:\/\/wpark.ee\/wp-content\/uploads\/Wpark_logo_black_compact_text_below_PNG.png\",\"contentUrl\":\"https:\/\/wpark.ee\/wp-content\/uploads\/Wpark_logo_black_compact_text_below_PNG.png\",\"width\":1215,\"height\":1184,\"caption\":\"Wpark\"},\"image\":{\"@id\":\"https:\/\/dev.wpark.ee\/#\/schema\/logo\/image\/\"}},{\"@type\":\"WebSite\",\"@id\":\"https:\/\/dev.wpark.ee\/#website\",\"url\":\"https:\/\/dev.wpark.ee\/\",\"name\":\"WPark\",\"description\":\"\",\"publisher\":{\"@id\":\"https:\/\/dev.wpark.ee\/#organization\"},\"potentialAction\":[{\"@type\":\"SearchAction\",\"target\":{\"@type\":\"EntryPoint\",\"urlTemplate\":\"https:\/\/dev.wpark.ee\/?s={search_term_string}\"},\"query-input\":\"required name=search_term_string\"}],\"inLanguage\":\"lv-LV\"},{\"@type\":\"WebPage\",\"@id\":\"https:\/\/dev.wpark.ee\/lv\/papildu-pakalpojumi\/#webpage\",\"url\":\"https:\/\/dev.wpark.ee\/lv\/papildu-pakalpojumi\/\",\"name\":\"Papildu pakalpojumi - WPark\",\"isPartOf\":{\"@id\":\"https:\/\/dev.wpark.ee\/#website\"},\"datePublished\":\"2020-07-28T05:39:49+00:00\",\"dateModified\":\"2021-08-24T19:17:47+00:00\",\"breadcrumb\":{\"@id\":\"https:\/\/dev.wpark.ee\/lv\/papildu-pakalpojumi\/#breadcrumb\"},\"inLanguage\":\"lv-LV\",\"potentialAction\":[{\"@type\":\"ReadAction\",\"target\":[\"https:\/\/dev.wpark.ee\/lv\/papildu-pakalpojumi\/\"]}]},{\"@type\":\"BreadcrumbList\",\"@id\":\"https:\/\/dev.wpark.ee\/lv\/papildu-pakalpojumi\/#breadcrumb\",\"itemListElement\":[{\"@type\":\"ListItem\",\"position\":1,\"name\":\"Home\",\"item\":\"https:\/\/dev.wpark.ee\/lv\/\"},{\"@type\":\"ListItem\",\"position\":2,\"name\":\"Papildu pakalpojumi\"}]}]}<\/script>\n<!-- \/ Yoast SEO plugin. -->","yoast_head_json":{"title":"Papildu pakalpojumi - WPark","robots":{"index":"index","follow":"follow","max-snippet":"max-snippet:-1","max-image-preview":"max-image-preview:large","max-video-preview":"max-video-preview:-1"},"canonical":"https:\/\/dev.wpark.ee\/lv\/papildu-pakalpojumi\/","og_locale":"lv_LV","og_type":"article","og_title":"Papildu pakalpojumi - WPark","og_url":"https:\/\/dev.wpark.ee\/lv\/papildu-pakalpojumi\/","og_site_name":"WPark","article_modified_time":"2021-08-24T19:17:47+00:00","twitter_card":"summary_large_image","twitter_misc":{"Est. reading time":"2 minutes"},"schema":{"@context":"https:\/\/schema.org","@graph":[{"@type":"Organization","@id":"https:\/\/dev.wpark.ee\/#organization","name":"Wpark","url":"https:\/\/dev.wpark.ee\/","sameAs":[],"logo":{"@type":"ImageObject","inLanguage":"lv-LV","@id":"https:\/\/dev.wpark.ee\/#\/schema\/logo\/image\/","url":"https:\/\/wpark.ee\/wp-content\/uploads\/Wpark_logo_black_compact_text_below_PNG.png","contentUrl":"https:\/\/wpark.ee\/wp-content\/uploads\/Wpark_logo_black_compact_text_below_PNG.png","width":1215,"height":1184,"caption":"Wpark"},"image":{"@id":"https:\/\/dev.wpark.ee\/#\/schema\/logo\/image\/"}},{"@type":"WebSite","@id":"https:\/\/dev.wpark.ee\/#website","url":"https:\/\/dev.wpark.ee\/","name":"WPark","description":"","publisher":{"@id":"https:\/\/dev.wpark.ee\/#organization"},"potentialAction":[{"@type":"SearchAction","target":{"@type":"EntryPoint","urlTemplate":"https:\/\/dev.wpark.ee\/?s={search_term_string}"},"query-input":"required name=search_term_string"}],"inLanguage":"lv-LV"},{"@type":"WebPage","@id":"https:\/\/dev.wpark.ee\/lv\/papildu-pakalpojumi\/#webpage","url":"https:\/\/dev.wpark.ee\/lv\/papildu-pakalpojumi\/","name":"Papildu pakalpojumi - WPark","isPartOf":{"@id":"https:\/\/dev.wpark.ee\/#website"},"datePublished":"2020-07-28T05:39:49+00:00","dateModified":"2021-08-24T19:17:47+00:00","breadcrumb":{"@id":"https:\/\/dev.wpark.ee\/lv\/papildu-pakalpojumi\/#breadcrumb"},"inLanguage":"lv-LV","potentialAction":[{"@type":"ReadAction","target":["https:\/\/dev.wpark.ee\/lv\/papildu-pakalpojumi\/"]}]},{"@type":"BreadcrumbList","@id":"https:\/\/dev.wpark.ee\/lv\/papildu-pakalpojumi\/#breadcrumb","itemListElement":[{"@type":"ListItem","position":1,"name":"Home","item":"https:\/\/dev.wpark.ee\/lv\/"},{"@type":"ListItem","position":2,"name":"Papildu pakalpojumi"}]}]}},"_links":{"self":[{"href":"https:\/\/dev.wpark.ee\/lv\/wp-json\/wp\/v2\/pages\/1129"}],"collection":[{"href":"https:\/\/dev.wpark.ee\/lv\/wp-json\/wp\/v2\/pages"}],"about":[{"href":"https:\/\/dev.wpark.ee\/lv\/wp-json\/wp\/v2\/types\/page"}],"author":[{"embeddable":true,"href":"https:\/\/dev.wpark.ee\/lv\/wp-json\/wp\/v2\/users\/2"}],"replies":[{"embeddable":true,"href":"https:\/\/dev.wpark.ee\/lv\/wp-json\/wp\/v2\/comments?post=1129"}],"version-history":[{"count":5,"href":"https:\/\/dev.wpark.ee\/lv\/wp-json\/wp\/v2\/pages\/1129\/revisions"}],"predecessor-version":[{"id":5096,"href":"https:\/\/dev.wpark.ee\/lv\/wp-json\/wp\/v2\/pages\/1129\/revisions\/5096"}],"wp:attachment":[{"href":"https:\/\/dev.wpark.ee\/lv\/wp-json\/wp\/v2\/media?parent=1129"}],"curies":[{"name":"wp","href":"https:\/\/api.w.org\/{rel}","templated":true}]}}