{"id":1127,"date":"2020-07-28T08:39:20","date_gmt":"2020-07-28T05:39:20","guid":{"rendered":"https:\/\/wpark.ee\/?page_id=1127"},"modified":"2021-08-25T17:14:47","modified_gmt":"2021-08-25T14:14:47","slug":"pakalpojumi","status":"publish","type":"page","link":"https:\/\/dev.wpark.ee\/lv\/pakalpojumi\/","title":{"rendered":"Pakalpojumi"},"content":{"rendered":"\t<section class=\"section dark\" id=\"section_442138942\">\n\t\t<div class=\"bg section-bg fill bg-fill  \" >\n\n\t\t\t\n\t\t\t\n\t\t\t\n\n\t\t<\/div>\n\n\t\t\n\n\t\t<div class=\"section-content relative\">\n\t\t\t\n<div class=\"row\"  id=\"row-174317491\">\n\n\t<div id=\"col-1166679620\" class=\"col medium-5 small-12 large-3\"  >\n\t\t\t\t<div class=\"col-inner\"  >\n\t\t\t\n\t\t\t\n<ul class=\"main-nav\">\n<li><a href=\"https:\/\/wpark.ee\/lv\/pakalpojumi\/\">BI\u013bETES<\/a><\/li>\n<li><a href=\"\/lv\/papildu-pakalpojumi\">PAKALPOJUMI<\/a><\/li>\n<li><a href=\"\/lv\/edinasana\">\u0112DIN\u0100\u0160ANA<\/a><\/li>\n<li><a href=\"\/lv\/glamping\">GLAMPINGS<\/a><\/li>\n<\/ul>\n\t<div id=\"gap-1222701972\" class=\"gap-element clearfix\" style=\"display:block; height:auto;\">\n\t\t\n<style>\n#gap-1222701972 {\n  padding-top: 30px;\n}\n<\/style>\n\t<\/div>\n\t\n<div class=\"back-arrow\"><a href=\"https:\/\/wpark.ee\/lv#teenused\"><i class=\"icon-angle-left\"><\/i><\/a><\/div>\n\t\t<\/div>\n\t\t\t\t\t<\/div>\n\n\t\n\n\t<div id=\"col-848845981\" class=\"col pricing-list medium-7 small-12 large-4\"  >\n\t\t\t\t<div class=\"col-inner\"  >\n\t\t\t\n\t\t\t\n<h3>Ieeja uz 2.0 apm\u0101c\u012bbu kabeli<\/h3>\n<div class=\"row\"  id=\"row-1266741259\">\n\n\t<div id=\"col-1396496045\" class=\"col medium-9 small-9 large-9\"  >\n\t\t\t\t<div class=\"col-inner\"  >\n\t\t\t\n\t\t\t\n<p>15 min<\/p>\n\t\t<\/div>\n\t\t\t\t\t<\/div>\n\n\t\n\n\t<div id=\"col-348098528\" class=\"col medium-3 small-3 large-3\"  >\n\t\t\t\t<div class=\"col-inner text-right\"  >\n\t\t\t\n\t\t\t\n<p>20 \u20ac<\/p>\n\t\t<\/div>\n\t\t\t\t\t<\/div>\n\n\t\n<\/div>\n<div class=\"row price-smallprint\"  id=\"row-1263752759\">\n\n\t<div id=\"col-1356435493\" class=\"col medium-9 small-12 large-9\"  >\n\t\t\t\t<div class=\"col-inner\"  >\n\t\t\t\n\t\t\t\n<p>Ietverts: treneris + apr\u012bkojums (veikborda d\u0113lis, \u0137ivere, veste).<\/p>\n<p>Iepriek\u0161 piesakoties vai dz\u012bvaj\u0101 rind\u0101.<\/p>\n\t\t<\/div>\n\t\t\t\t\t<\/div>\n\n\t\n\n\t<div id=\"col-1367215579\" class=\"col medium-3 small-12 large-3\"  >\n\t\t\t\t<div class=\"col-inner text-right\"  >\n\t\t\t\n\t\t\t\n\t\t<\/div>\n\t\t\t\t\t<\/div>\n\n\t\n<\/div>\n<h3>Ieeja uz 5.0 ri\u0146\u0137a kabeli<\/h3>\n<div class=\"row\"  id=\"row-2098056588\">\n\n\t<div id=\"col-491744145\" class=\"col medium-9 small-9 large-9\"  >\n\t\t\t\t<div class=\"col-inner\"  >\n\t\t\t\n\t\t\t\n<p>2 h<br \/>\n4 h<br \/>\n1 diena*<br \/>\n2 dienas<br \/>\n3 dienas<br \/>\n4 dienas<\/p>\n\t\t<\/div>\n\t\t\t\t\t<\/div>\n\n\t\n\n\t<div id=\"col-665705307\" class=\"col medium-3 small-3 large-3\"  >\n\t\t\t\t<div class=\"col-inner text-right\"  >\n\t\t\t\n\t\t\t\n<p>24 \u20ac<br \/>\n32 \u20ac<br \/>\n35 \u20ac<br \/>\n62 \u20ac<br \/>\n80 \u20ac<br \/>\n95 \u20ac<\/p>\n\t\t<\/div>\n\t\t\t\t\t<\/div>\n\n\t\n<\/div>\n<div class=\"row price-smallprint\"  id=\"row-209871385\">\n\n\t<div id=\"col-203802767\" class=\"col medium-9 small-12 large-9\"  >\n\t\t\t\t<div class=\"col-inner\"  >\n\t\t\t\n\t\t\t\n<p>Ietverts: apr\u012bkojums (veikborda d\u0113lis, \u0137ivere, veste).<\/p>\n<p>*B\u0113rniem, kas jaun\u0101ki par 14 gadiem, dienas bi\u013cete ar atlaidi par cenu 30 \u20ac.<\/p>\n\t\t<\/div>\n\t\t\t\t\t<\/div>\n\n\t\n\n\t<div id=\"col-1331499500\" class=\"col medium-3 small-12 large-3\"  >\n\t\t\t\t<div class=\"col-inner text-right\"  >\n\t\t\t\n\t\t\t\n\t\t<\/div>\n\t\t\t\t\t<\/div>\n\n\t\n<\/div>\n<div class=\"row\"  id=\"row-475168462\">\n\n\t<div id=\"col-59865594\" class=\"col medium-9 small-9 large-9\"  >\n\t\t\t\t<div class=\"col-inner\"  >\n\t\t\t\n\t\t\t\n\t\t<\/div>\n\t\t\t\t\t<\/div>\n\n\t\n\n\t<div id=\"col-897711954\" class=\"col medium-9 small-9 large-9\"  >\n\t\t\t\t<div class=\"col-inner\"  >\n\t\t\t\n\t\t\t\n<p>5 x karte (der\u012bga 2021)<br \/>\nSezonas bi\u013cete<br \/>\nP-C Sezonas bi\u013cete <\/p>\n\t\t<\/div>\n\t\t\t\t\t<\/div>\n\n\t\n\n\t<div id=\"col-1572288698\" class=\"col medium-3 small-3 large-3\"  >\n\t\t\t\t<div class=\"col-inner text-right\"  >\n\t\t\t\n\t\t\t\n<p>140 \u20ac<br \/>\n480 \u20ac<br \/>\n350 \u20ac<\/p>\n\t\t<\/div>\n\t\t\t\t\t<\/div>\n\n\t\n<\/div>\n<div class=\"row price-smallprint\"  id=\"row-1115594684\">\n\n\t<div id=\"col-55599138\" class=\"col medium-9 small-12 large-9\"  >\n\t\t\t\t<div class=\"col-inner\"  >\n\t\t\t\n\t\t\t\n<p>Kabe\u013cu parka bi\u013cete tiek iel\u0101d\u0113ta atk\u0101rtoti lietojam\u0101 \u010dip\u0101. Cena par \u010dipu 5.50 \u20ac. T\u0101 tiek pievienota bi\u013cetes cenai. P\u0113c \u010dipa izmanto\u0161anas atp\u0113rkam to par 5 \u20ac.<\/p>\n\t\t<\/div>\n\t\t\t\t\t<\/div>\n\n\t\n\n\t<div id=\"col-130226092\" class=\"col medium-3 small-12 large-3\"  >\n\t\t\t\t<div class=\"col-inner text-right\"  >\n\t\t\t\n\t\t\t\n\t\t<\/div>\n\t\t\t\t\t<\/div>\n\n\t\n<\/div>\n<h3>Ieeja uz piep\u016b\u0161amo atrakciju pils\u0113ti\u0146u<\/h3>\n<div class=\"row\"  id=\"row-484949408\">\n\n\t<div id=\"col-186548516\" class=\"col medium-9 small-9 large-9\"  >\n\t\t\t\t<div class=\"col-inner\"  >\n\t\t\t\n\t\t\t\n<p>1 x 50 min\u016btes<br \/>\nBi\u013cete pavadonim b\u0113rniem, kas jaun\u0101ki par 9 gadiem<br \/>\nDienas bi\u013cete<\/p>\n\t\t<\/div>\n\t\t\t\t\t<\/div>\n\n\t\n\n\t<div id=\"col-2016158994\" class=\"col medium-3 small-3 large-3\"  >\n\t\t\t\t<div class=\"col-inner text-right\"  >\n\t\t\t\n\t\t\t\n<p>10 \u20ac<br \/>\n4 \u20ac<\/p>\n<p>20\u20ac<\/p>\n\t\t<\/div>\n\t\t\t\t\t<\/div>\n\n\t\n<\/div>\n<div class=\"row price-smallprint\"  id=\"row-1926420955\">\n\n\t<div id=\"col-1860316875\" class=\"col medium-9 small-12 large-9\"  >\n\t\t\t\t<div class=\"col-inner\"  >\n\t\t\t\n\t\t\t\n\t\t<\/div>\n\t\t\t\t\t<\/div>\n\n\t\n\n\t<div id=\"col-1790315613\" class=\"col medium-3 small-12 large-3\"  >\n\t\t\t\t<div class=\"col-inner text-right\"  >\n\t\t\t\n\t\t\t\n\t\t<\/div>\n\t\t\t\t\t<\/div>\n\n\t\n<\/div>\n<div class=\"row\"  id=\"row-1177205070\">\n\n\t<div id=\"col-917579985\" class=\"col medium-9 small-9 large-9\"  >\n\t\t\t\t<div class=\"col-inner\"  >\n\t\t\t\n\t\t\t\n<p>Bi\u013cete \u0123imenei ar atlaidi (2 pieaugu\u0161ie + vismaz 2 b\u0113rni)<\/p>\n\t\t<\/div>\n\t\t\t\t\t<\/div>\n\n\t\n\n\t<div id=\"col-1573789109\" class=\"col medium-3 small-3 large-3\"  >\n\t\t\t\t<div class=\"col-inner text-right\"  >\n\t\t\t\n\t\t\t\n<p>-20 %<\/p>\n\t\t<\/div>\n\t\t\t\t\t<\/div>\n\n\t\n<\/div>\n<div class=\"row\"  id=\"row-1671351462\">\n\n\t<div id=\"col-1122590598\" class=\"col medium-9 small-9 large-9\"  >\n\t\t\t\t<div class=\"col-inner\"  >\n\t\t\t\n\t\t\t\n\t\t<\/div>\n\t\t\t\t\t<\/div>\n\n\t\n\n\t<div id=\"col-1202532845\" class=\"col medium-3 small-3 large-3\"  >\n\t\t\t\t<div class=\"col-inner text-right\"  >\n\t\t\t\n\t\t\t\n\t\t<\/div>\n\t\t\t\t\t<\/div>\n\n\t\n<\/div>\n<div class=\"row price-smallprint\"  id=\"row-1319984424\">\n\n\t<div id=\"col-633796106\" class=\"col medium-9 small-12 large-9\"  >\n\t\t\t\t<div class=\"col-inner\"  >\n\t\t\t\n\t\t\t\n<p>Bi\u013cetes cena ir sp\u0113k\u0101 vienam apmekl\u0113t\u0101jam.<\/p>\n<p>Piep\u016b\u0161amo atrakciju pils\u0113ti\u0146\u0101 katram apmekl\u0113t\u0101jam oblig\u0101ti j\u0101n\u0113s\u0101 dro\u0161\u012bbas veste! T\u0101 ietverta bi\u013cetes cen\u0101.<\/p>\n<p>B\u0113rni, kas jaun\u0101ki par 9 gadiem, bez pieaugu\u0161\u0101 pavado\u0146a pils\u0113ti\u0146\u0101 netiek ielaisti.<\/p>\n\t\t<\/div>\n\t\t\t\t\t<\/div>\n\n\t\n\n\t<div id=\"col-564532545\" class=\"col medium-3 small-12 large-3\"  >\n\t\t\t\t<div class=\"col-inner text-right\"  >\n\t\t\t\n\t\t\t\n\t\t<\/div>\n\t\t\t\t\t<\/div>\n\n\t\n<\/div>\n<h3>Pied\u0101v\u0101jumi<\/h3>\n<div class=\"row price-no-space\"  id=\"row-524761300\">\n\n\t<div id=\"col-98240386\" class=\"col medium-9 small-9 large-9\"  >\n\t\t\t\t<div class=\"col-inner\"  >\n\t\t\t\n\t\t\t\n<p>Zero to hero (1 diena)<\/p>\n\t\t<\/div>\n\t\t\t\t\t<\/div>\n\n\t\n\n\t<div id=\"col-1865460778\" class=\"col medium-3 small-3 large-3\"  >\n\t\t\t\t<div class=\"col-inner text-right\"  >\n\t\t\t\n\t\t\t\n<p>60 \u20ac<\/p>\n\t\t<\/div>\n\t\t\t\t\t<\/div>\n\n\t\n<\/div>\n<div class=\"row price-smallprint\"  id=\"row-627288774\">\n\n\t<div id=\"col-637811071\" class=\"col medium-9 small-12 large-9\"  >\n\t\t\t\t<div class=\"col-inner\"  >\n\t\t\t\n\t\t\t\n<p>Ietverts: treneris + apr\u012bkojums (veikborda d\u0113lis, \u0137ivere, veste) un 3 x 15 min ieeja uz m\u0101c\u012bbu trasi + bi\u013cete uz ri\u0146\u0137a kabeli komplekt\u0101 ar instrukt\u0101\u017eu.<br \/>\nJa esat ieradies k\u0101 balta lapa, tad l\u012bdz dienas beig\u0101m jau var\u0113tu b\u016bt sp\u0113j\u012bgs sl\u012bd\u0113t pa \u016bdeni saviem sp\u0113kiem.<\/p>\n\t\t<\/div>\n\t\t\t\t\t<\/div>\n\n\t\n\n\t<div id=\"col-1889341452\" class=\"col medium-3 small-12 large-3\"  >\n\t\t\t\t<div class=\"col-inner text-right\"  >\n\t\t\t\n\t\t\t\n\t\t<\/div>\n\t\t\t\t\t<\/div>\n\n\t\n<\/div>\n<div class=\"row price-no-space\"  id=\"row-1877194368\">\n\n\t<div id=\"col-551427107\" class=\"col medium-9 small-9 large-9\"  >\n\t\t\t\t<div class=\"col-inner\"  >\n\t\t\t\n\t\t\t\n<p>Hero to superhero (1 day)<\/p>\n\t\t<\/div>\n\t\t\t\t\t<\/div>\n\n\t\n\n\t<div id=\"col-1953861931\" class=\"col medium-3 small-3 large-3\"  >\n\t\t\t\t<div class=\"col-inner text-right\"  >\n\t\t\t\n\t\t\t\n<p>55 \u20ac<\/p>\n\t\t<\/div>\n\t\t\t\t\t<\/div>\n\n\t\n<\/div>\n<div class=\"row price-smallprint\"  id=\"row-739431633\">\n\n\t<div id=\"col-982787658\" class=\"col medium-9 small-12 large-9\"  >\n\t\t\t\t<div class=\"col-inner\"  >\n\t\t\t\n\t\t\t\n<p>Ietverts: treneris + apr\u012bkojums (veikborda d\u0113lis, \u0137ivere, veste) un 15 min ieeja uz m\u0101c\u012bbu trasi + bi\u013cete uz ri\u0146\u0137a kabeli komplekt\u0101 ar stundas garuma instrukt\u0101\u017eu.<br \/>\nPiesl\u012bp\u0113jiet savas prasmes pieredz\u0113ju\u0161a trenera uzraudz\u012bb\u0101!<\/p>\n\t\t<\/div>\n\t\t\t\t\t<\/div>\n\n\t\n\n\t<div id=\"col-486159326\" class=\"col medium-3 small-12 large-3\"  >\n\t\t\t\t<div class=\"col-inner text-right\"  >\n\t\t\t\n\t\t\t\n\t\t<\/div>\n\t\t\t\t\t<\/div>\n\n\t\n<\/div>\n<div class=\"row price-no-space\"  id=\"row-245451661\">\n\n\t<div id=\"col-1353464208\" class=\"col medium-9 small-9 large-9\"  >\n\t\t\t\t<div class=\"col-inner\"  >\n\t\t\t\n\t\t\t\n<p>Draugu pied\u0101v\u0101jums 3-5 person\u0101m (2,5 h)<\/p>\n\t\t<\/div>\n\t\t\t\t\t<\/div>\n\n\t\n\n\t<div id=\"col-939340469\" class=\"col medium-3 small-3 large-3\"  >\n\t\t\t\t<div class=\"col-inner text-right\"  >\n\t\t\t\n\t\t\t\n<p>40\u20ac\/pers.<\/p>\n\t\t<\/div>\n\t\t\t\t\t<\/div>\n\n\t\n<\/div>\n<div class=\"row price-smallprint\"  id=\"row-395729087\">\n\n\t<div id=\"col-629961573\" class=\"col medium-9 small-12 large-9\"  >\n\t\t\t\t<div class=\"col-inner\"  >\n\t\t\t\n\t\t\t\n<p>Ietverts: treneris + apr\u012bkojums (veikborda d\u0113lis, \u0137ivere, veste) un 1,5 h m\u0101c\u012bbu trases rezerv\u0101cija + 1 h bi\u013cete uz ri\u0146\u0137a kabeli.<br \/>\nDodieties \u0161urp kop\u0101 ar \u0123imeni vai draugiem un atkl\u0101siet sev jaunu aizraujo\u0161u hobiju!<\/p>\n\t\t<\/div>\n\t\t\t\t\t<\/div>\n\n\t\n\n\t<div id=\"col-667810193\" class=\"col medium-3 small-12 large-3\"  >\n\t\t\t\t<div class=\"col-inner text-right\"  >\n\t\t\t\n\t\t\t\n\t\t<\/div>\n\t\t\t\t\t<\/div>\n\n\t\n<\/div>\n<div class=\"row price-no-space\"  id=\"row-810036468\">\n\n\t<div id=\"col-1325408084\" class=\"col medium-9 small-9 large-9\"  >\n\t\t\t\t<div class=\"col-inner\"  >\n\t\t\t\n\t\t\t\n<p>Person\u012bgais treneris (45 min)<\/p>\n\t\t<\/div>\n\t\t\t\t\t<\/div>\n\n\t\n\n\t<div id=\"col-1049191566\" class=\"col medium-3 small-3 large-3\"  >\n\t\t\t\t<div class=\"col-inner text-right\"  >\n\t\t\t\n\t\t\t\n<p>40\u20ac\/pers.<\/p>\n\t\t<\/div>\n\t\t\t\t\t<\/div>\n\n\t\n<\/div>\n<div class=\"row price-smallprint\"  id=\"row-135765699\">\n\n\t<div id=\"col-1742456262\" class=\"col medium-9 small-12 large-9\"  >\n\t\t\t\t<div class=\"col-inner\"  >\n\t\t\t\n\t\t\t\n<p>*Visi \u012bpa\u0161ie pied\u0101v\u0101jumi pieejami, iepriek\u0161 tos piesakot.<\/p>\n<p>*1 dienas pied\u0101v\u0101jumos trenera instrukt\u0101\u017ea pirmaj\u0101s 3 stund\u0101s.<\/p>\n\t\t<\/div>\n\t\t\t\t\t<\/div>\n\n\t\n\n\t<div id=\"col-169103542\" class=\"col medium-3 small-12 large-3\"  >\n\t\t\t\t<div class=\"col-inner text-right\"  >\n\t\t\t\n\t\t\t\n\t\t<\/div>\n\t\t\t\t\t<\/div>\n\n\t\n\n<style>\n#row-135765699 > .col > .col-inner {\n  padding: 30px 0px 0px 0px;\n}\n<\/style>\n<\/div>\n\t\t<\/div>\n\t\t\t\t\t<\/div>\n\n\t\n\n\t<div id=\"col-1787501\" class=\"col side-image hide-for-medium medium-5 small-12 large-5\"  >\n\t\t\t\t<div class=\"col-inner\"  >\n\t\t\t\n\t\t\t\n\t<div class=\"img has-hover x md-x lg-x y md-y lg-y\" id=\"image_2141570197\">\n\t\t\t\t\t\t\t\t<div class=\"img-inner image-cover dark\" style=\"padding-top:100%;\">\n\t\t\t<img width=\"2560\" height=\"1523\" src=\"https:\/\/dev.wpark.ee\/wp-content\/uploads\/Poltsamaa-wakepark-scaled.jpg\" class=\"attachment-original size-original\" alt=\"P\u00f5ltsamaa wakepark ja Weiko\" loading=\"lazy\" srcset=\"https:\/\/dev.wpark.ee\/wp-content\/uploads\/Poltsamaa-wakepark-scaled.jpg 2560w, https:\/\/dev.wpark.ee\/wp-content\/uploads\/Poltsamaa-wakepark-300x178.jpg 300w, https:\/\/dev.wpark.ee\/wp-content\/uploads\/Poltsamaa-wakepark-1024x609.jpg 1024w, https:\/\/dev.wpark.ee\/wp-content\/uploads\/Poltsamaa-wakepark-768x457.jpg 768w, https:\/\/dev.wpark.ee\/wp-content\/uploads\/Poltsamaa-wakepark-1536x914.jpg 1536w, https:\/\/dev.wpark.ee\/wp-content\/uploads\/Poltsamaa-wakepark-2048x1218.jpg 2048w, https:\/\/dev.wpark.ee\/wp-content\/uploads\/Poltsamaa-wakepark-600x357.jpg 600w\" sizes=\"(max-width: 2560px) 100vw, 2560px\" \/>\t\t\t\t\t\t\n\t\t\t\t\t<\/div>\n\t\t\t\t\t\t\t\t\n<style>\n#image_2141570197 {\n  width: 100%;\n}\n<\/style>\n\t<\/div>\n\t\n\t\t<\/div>\n\t\t\t\t\t<\/div>\n\n\t\n<\/div>\n\t\t<\/div>\n\n\t\t\n<style>\n#section_442138942 {\n  padding-top: 150px;\n  padding-bottom: 150px;\n}\n#section_442138942 .section-bg.bg-loaded {\n  background-image: url(https:\/\/dev.wpark.ee\/wp-content\/uploads\/wpark_home_section_1.jpg);\n}\n#section_442138942 .section-bg {\n  background-position: 47% 80%;\n}\n#section_442138942 .ux-shape-divider--top svg {\n  height: 150px;\n  --divider-top-width: 100%;\n}\n#section_442138942 .ux-shape-divider--bottom svg {\n  height: 150px;\n  --divider-width: 100%;\n}\n<\/style>\n\t<\/section>\n\t\n","protected":false},"excerpt":{"rendered":"","protected":false},"author":2,"featured_media":0,"parent":0,"menu_order":0,"comment_status":"closed","ping_status":"closed","template":"page-transparent-header-light.php","meta":[],"yoast_head":"<!-- This site is optimized with the Yoast SEO plugin v19.0 - https:\/\/yoast.com\/wordpress\/plugins\/seo\/ -->\n<title>Pakalpojumi - WPark<\/title>\n<meta name=\"robots\" content=\"index, follow, max-snippet:-1, max-image-preview:large, max-video-preview:-1\" \/>\n<link rel=\"canonical\" href=\"https:\/\/dev.wpark.ee\/lv\/pakalpojumi\/\" \/>\n<meta property=\"og:locale\" content=\"lv_LV\" \/>\n<meta property=\"og:type\" content=\"article\" \/>\n<meta property=\"og:title\" content=\"Pakalpojumi - WPark\" \/>\n<meta property=\"og:url\" content=\"https:\/\/dev.wpark.ee\/lv\/pakalpojumi\/\" \/>\n<meta property=\"og:site_name\" content=\"WPark\" \/>\n<meta property=\"article:modified_time\" content=\"2021-08-25T14:14:47+00:00\" \/>\n<meta name=\"twitter:card\" content=\"summary_large_image\" \/>\n<meta name=\"twitter:label1\" content=\"Est. reading time\" \/>\n\t<meta name=\"twitter:data1\" content=\"4 minutes\" \/>\n<script type=\"application\/ld+json\" class=\"yoast-schema-graph\">{\"@context\":\"https:\/\/schema.org\",\"@graph\":[{\"@type\":\"Organization\",\"@id\":\"https:\/\/dev.wpark.ee\/#organization\",\"name\":\"Wpark\",\"url\":\"https:\/\/dev.wpark.ee\/\",\"sameAs\":[],\"logo\":{\"@type\":\"ImageObject\",\"inLanguage\":\"lv-LV\",\"@id\":\"https:\/\/dev.wpark.ee\/#\/schema\/logo\/image\/\",\"url\":\"https:\/\/wpark.ee\/wp-content\/uploads\/Wpark_logo_black_compact_text_below_PNG.png\",\"contentUrl\":\"https:\/\/wpark.ee\/wp-content\/uploads\/Wpark_logo_black_compact_text_below_PNG.png\",\"width\":1215,\"height\":1184,\"caption\":\"Wpark\"},\"image\":{\"@id\":\"https:\/\/dev.wpark.ee\/#\/schema\/logo\/image\/\"}},{\"@type\":\"WebSite\",\"@id\":\"https:\/\/dev.wpark.ee\/#website\",\"url\":\"https:\/\/dev.wpark.ee\/\",\"name\":\"WPark\",\"description\":\"\",\"publisher\":{\"@id\":\"https:\/\/dev.wpark.ee\/#organization\"},\"potentialAction\":[{\"@type\":\"SearchAction\",\"target\":{\"@type\":\"EntryPoint\",\"urlTemplate\":\"https:\/\/dev.wpark.ee\/?s={search_term_string}\"},\"query-input\":\"required name=search_term_string\"}],\"inLanguage\":\"lv-LV\"},{\"@type\":\"WebPage\",\"@id\":\"https:\/\/dev.wpark.ee\/lv\/pakalpojumi\/#webpage\",\"url\":\"https:\/\/dev.wpark.ee\/lv\/pakalpojumi\/\",\"name\":\"Pakalpojumi - WPark\",\"isPartOf\":{\"@id\":\"https:\/\/dev.wpark.ee\/#website\"},\"datePublished\":\"2020-07-28T05:39:20+00:00\",\"dateModified\":\"2021-08-25T14:14:47+00:00\",\"breadcrumb\":{\"@id\":\"https:\/\/dev.wpark.ee\/lv\/pakalpojumi\/#breadcrumb\"},\"inLanguage\":\"lv-LV\",\"potentialAction\":[{\"@type\":\"ReadAction\",\"target\":[\"https:\/\/dev.wpark.ee\/lv\/pakalpojumi\/\"]}]},{\"@type\":\"BreadcrumbList\",\"@id\":\"https:\/\/dev.wpark.ee\/lv\/pakalpojumi\/#breadcrumb\",\"itemListElement\":[{\"@type\":\"ListItem\",\"position\":1,\"name\":\"Home\",\"item\":\"https:\/\/dev.wpark.ee\/lv\/\"},{\"@type\":\"ListItem\",\"position\":2,\"name\":\"Pakalpojumi\"}]}]}<\/script>\n<!-- \/ Yoast SEO plugin. -->","yoast_head_json":{"title":"Pakalpojumi - WPark","robots":{"index":"index","follow":"follow","max-snippet":"max-snippet:-1","max-image-preview":"max-image-preview:large","max-video-preview":"max-video-preview:-1"},"canonical":"https:\/\/dev.wpark.ee\/lv\/pakalpojumi\/","og_locale":"lv_LV","og_type":"article","og_title":"Pakalpojumi - WPark","og_url":"https:\/\/dev.wpark.ee\/lv\/pakalpojumi\/","og_site_name":"WPark","article_modified_time":"2021-08-25T14:14:47+00:00","twitter_card":"summary_large_image","twitter_misc":{"Est. reading time":"4 minutes"},"schema":{"@context":"https:\/\/schema.org","@graph":[{"@type":"Organization","@id":"https:\/\/dev.wpark.ee\/#organization","name":"Wpark","url":"https:\/\/dev.wpark.ee\/","sameAs":[],"logo":{"@type":"ImageObject","inLanguage":"lv-LV","@id":"https:\/\/dev.wpark.ee\/#\/schema\/logo\/image\/","url":"https:\/\/wpark.ee\/wp-content\/uploads\/Wpark_logo_black_compact_text_below_PNG.png","contentUrl":"https:\/\/wpark.ee\/wp-content\/uploads\/Wpark_logo_black_compact_text_below_PNG.png","width":1215,"height":1184,"caption":"Wpark"},"image":{"@id":"https:\/\/dev.wpark.ee\/#\/schema\/logo\/image\/"}},{"@type":"WebSite","@id":"https:\/\/dev.wpark.ee\/#website","url":"https:\/\/dev.wpark.ee\/","name":"WPark","description":"","publisher":{"@id":"https:\/\/dev.wpark.ee\/#organization"},"potentialAction":[{"@type":"SearchAction","target":{"@type":"EntryPoint","urlTemplate":"https:\/\/dev.wpark.ee\/?s={search_term_string}"},"query-input":"required name=search_term_string"}],"inLanguage":"lv-LV"},{"@type":"WebPage","@id":"https:\/\/dev.wpark.ee\/lv\/pakalpojumi\/#webpage","url":"https:\/\/dev.wpark.ee\/lv\/pakalpojumi\/","name":"Pakalpojumi - WPark","isPartOf":{"@id":"https:\/\/dev.wpark.ee\/#website"},"datePublished":"2020-07-28T05:39:20+00:00","dateModified":"2021-08-25T14:14:47+00:00","breadcrumb":{"@id":"https:\/\/dev.wpark.ee\/lv\/pakalpojumi\/#breadcrumb"},"inLanguage":"lv-LV","potentialAction":[{"@type":"ReadAction","target":["https:\/\/dev.wpark.ee\/lv\/pakalpojumi\/"]}]},{"@type":"BreadcrumbList","@id":"https:\/\/dev.wpark.ee\/lv\/pakalpojumi\/#breadcrumb","itemListElement":[{"@type":"ListItem","position":1,"name":"Home","item":"https:\/\/dev.wpark.ee\/lv\/"},{"@type":"ListItem","position":2,"name":"Pakalpojumi"}]}]}},"_links":{"self":[{"href":"https:\/\/dev.wpark.ee\/lv\/wp-json\/wp\/v2\/pages\/1127"}],"collection":[{"href":"https:\/\/dev.wpark.ee\/lv\/wp-json\/wp\/v2\/pages"}],"about":[{"href":"https:\/\/dev.wpark.ee\/lv\/wp-json\/wp\/v2\/types\/page"}],"author":[{"embeddable":true,"href":"https:\/\/dev.wpark.ee\/lv\/wp-json\/wp\/v2\/users\/2"}],"replies":[{"embeddable":true,"href":"https:\/\/dev.wpark.ee\/lv\/wp-json\/wp\/v2\/comments?post=1127"}],"version-history":[{"count":8,"href":"https:\/\/dev.wpark.ee\/lv\/wp-json\/wp\/v2\/pages\/1127\/revisions"}],"predecessor-version":[{"id":5138,"href":"https:\/\/dev.wpark.ee\/lv\/wp-json\/wp\/v2\/pages\/1127\/revisions\/5138"}],"wp:attachment":[{"href":"https:\/\/dev.wpark.ee\/lv\/wp-json\/wp\/v2\/media?parent=1127"}],"curies":[{"name":"wp","href":"https:\/\/api.w.org\/{rel}","templated":true}]}}