{"id":950,"date":"2020-07-27T14:04:02","date_gmt":"2020-07-27T11:04:02","guid":{"rendered":"https:\/\/wpark.ee\/?page_id=950"},"modified":"2021-08-25T17:13:16","modified_gmt":"2021-08-25T14:13:16","slug":"palvelut","status":"publish","type":"page","link":"https:\/\/dev.wpark.ee\/fi\/palvelut\/","title":{"rendered":"Palvelut"},"content":{"rendered":"\t<section class=\"section dark\" id=\"section_1090521643\">\n\t\t<div class=\"bg section-bg fill bg-fill  \" >\n\n\t\t\t\n\t\t\t\n\t\t\t\n\n\t\t<\/div>\n\n\t\t\n\n\t\t<div class=\"section-content relative\">\n\t\t\t\n<div class=\"row\"  id=\"row-1951228056\">\n\n\t<div id=\"col-1127760812\" class=\"col medium-5 small-12 large-3\"  >\n\t\t\t\t<div class=\"col-inner\"  >\n\t\t\t\n\t\t\t\n<ul class=\"main-nav\">\n<li><a href=\"\/fi\/palvelut\">LIPUT<\/a><\/li>\n<li><a href=\"\/fi\/lisapalvelut\">PALVELUT<\/a><\/li>\n<li><a href=\"\/fi\/ruokailu\">RUOKAILU<\/a><\/li>\n<li><a href=\"\/fi\/glamping\">GLAMPING<\/a><\/li>\n<\/ul>\n\t<div id=\"gap-895259271\" class=\"gap-element clearfix\" style=\"display:block; height:auto;\">\n\t\t\n<style>\n#gap-895259271 {\n  padding-top: 30px;\n}\n<\/style>\n\t<\/div>\n\t\n<div class=\"back-arrow\"><a href=\"https:\/\/www.wpark.ee\/fi#teenused\"><i class=\"icon-angle-left\"><\/i><\/a><\/div>\n\t\t<\/div>\n\t\t\t\t\t<\/div>\n\n\t\n\n\t<div id=\"col-1956378274\" class=\"col pricing-list medium-7 small-12 large-4\"  >\n\t\t\t\t<div class=\"col-inner\"  >\n\t\t\t\n\t\t\t\n<h3>2.0 harjoituskaapelin lippu<\/h3>\n<div class=\"row\"  id=\"row-179215906\">\n\n\t<div id=\"col-102613709\" class=\"col medium-9 small-9 large-9\"  >\n\t\t\t\t<div class=\"col-inner\"  >\n\t\t\t\n\t\t\t\n<p>15 min<\/p>\n\t\t<\/div>\n\t\t\t\t\t<\/div>\n\n\t\n\n\t<div id=\"col-2107706641\" class=\"col medium-3 small-3 large-3\"  >\n\t\t\t\t<div class=\"col-inner text-right\"  >\n\t\t\t\n\t\t\t\n<p>20 \u20ac<\/p>\n\t\t<\/div>\n\t\t\t\t\t<\/div>\n\n\t\n<\/div>\n<div class=\"row price-smallprint\"  id=\"row-1092260052\">\n\n\t<div id=\"col-820022599\" class=\"col medium-9 small-12 large-9\"  >\n\t\t\t\t<div class=\"col-inner\"  >\n\t\t\t\n\t\t\t\n<p>Hintaan sis\u00e4ltyy: ohjaajan opastus + v\u00e4lineet (lauta, kyp\u00e4r\u00e4, liivi)<\/p>\n<p>Ennakkovarauksella tai paikan p\u00e4\u00e4ll\u00e4 jonottamalla.<\/p>\n\t\t<\/div>\n\t\t\t\t\t<\/div>\n\n\t\n\n\t<div id=\"col-21682267\" class=\"col medium-3 small-12 large-3\"  >\n\t\t\t\t<div class=\"col-inner text-right\"  >\n\t\t\t\n\t\t\t\n\t\t<\/div>\n\t\t\t\t\t<\/div>\n\n\t\n<\/div>\n<h3>5.0 keh\u00e4kaapelin lippu<\/h3>\n<div class=\"row\"  id=\"row-817557718\">\n\n\t<div id=\"col-1695884184\" class=\"col medium-9 small-9 large-9\"  >\n\t\t\t\t<div class=\"col-inner\"  >\n\t\t\t\n\t\t\t\n<p>2 h<br \/>\n4 h<br \/>\n1 p\u00e4iv\u00e4*<br \/>\n2 p\u00e4iv\u00e4<br \/>\n3 p\u00e4iv\u00e4<br \/>\n4 p\u00e4iv\u00e4<\/p>\n\t\t<\/div>\n\t\t\t\t\t<\/div>\n\n\t\n\n\t<div id=\"col-1855570375\" class=\"col medium-3 small-3 large-3\"  >\n\t\t\t\t<div class=\"col-inner text-right\"  >\n\t\t\t\n\t\t\t\n<p>24 \u20ac<br \/>\n32 \u20ac<br \/>\n35 \u20ac<br \/>\n62 \u20ac<br \/>\n80 \u20ac<br \/>\n95 \u20ac<\/p>\n\t\t<\/div>\n\t\t\t\t\t<\/div>\n\n\t\n<\/div>\n<div class=\"row price-smallprint\"  id=\"row-567459951\">\n\n\t<div id=\"col-507130526\" class=\"col medium-9 small-12 large-9\"  >\n\t\t\t\t<div class=\"col-inner\"  >\n\t\t\t\n\t\t\t\n<p>Hintaan sis\u00e4ltyy: v\u00e4lineet (lauta, kyp\u00e4r\u00e4, liivi).<\/p>\n<p>*Alle 14-vuotiaiden lasten p\u00e4iv\u00e4lippu tarjoushintaan 30 \u20ac.<\/p>\n\t\t<\/div>\n\t\t\t\t\t<\/div>\n\n\t\n\n\t<div id=\"col-1300100278\" class=\"col medium-3 small-12 large-3\"  >\n\t\t\t\t<div class=\"col-inner text-right\"  >\n\t\t\t\n\t\t\t\n\t\t<\/div>\n\t\t\t\t\t<\/div>\n\n\t\n<\/div>\n<div class=\"row\"  id=\"row-458522305\">\n\n\t<div id=\"col-1582679809\" class=\"col medium-9 small-9 large-9\"  >\n\t\t\t\t<div class=\"col-inner\"  >\n\t\t\t\n\t\t\t\n\t\t<\/div>\n\t\t\t\t\t<\/div>\n\n\t\n\n\t<div id=\"col-99066724\" class=\"col medium-9 small-9 large-9\"  >\n\t\t\t\t<div class=\"col-inner\"  >\n\t\t\t\n\t\t\t\n<p>5 x lippu (voimassa 2021)<br \/>Kausilippu<br \/>\nMa-To Kausilppu<\/p>\n\t\t<\/div>\n\t\t\t\t\t<\/div>\n\n\t\n\n\t<div id=\"col-1566019089\" class=\"col medium-3 small-3 large-3\"  >\n\t\t\t\t<div class=\"col-inner text-right\"  >\n\t\t\t\n\t\t\t\n<p>140 \u20ac<br \/>\n480 \u20ac<br \/>\n350 \u20ac<\/p>\n\t\t<\/div>\n\t\t\t\t\t<\/div>\n\n\t\n<\/div>\n<div class=\"row price-smallprint\"  id=\"row-226483419\">\n\n\t<div id=\"col-1881416556\" class=\"col medium-9 small-12 large-9\"  >\n\t\t\t\t<div class=\"col-inner\"  >\n\t\t\t\n\t\t\t\n<p>Kaapelipuiston liput ladataan uudelleenk\u00e4ytett\u00e4v\u00e4lle sirukortille. Sirukortin hinta on 5,50 \u20ac ja se lis\u00e4t\u00e4\u00e4n lipun hintaan. K\u00e4yt\u00f6n j\u00e4lkeen lunastamme sirukortin takaisin 5 eurolla.<\/p>\n\t\t<\/div>\n\t\t\t\t\t<\/div>\n\n\t\n\n\t<div id=\"col-713321214\" class=\"col medium-3 small-12 large-3\"  >\n\t\t\t\t<div class=\"col-inner text-right\"  >\n\t\t\t\n\t\t\t\n\t\t<\/div>\n\t\t\t\t\t<\/div>\n\n\t\n<\/div>\n<h3>Vesiesteradan lippu<\/h3>\n<div class=\"row\"  id=\"row-1014643008\">\n\n\t<div id=\"col-2035739551\" class=\"col medium-9 small-9 large-9\"  >\n\t\t\t\t<div class=\"col-inner\"  >\n\t\t\t\n\t\t\t\n<p>1 x 50 minuutia<br \/>\nAlle 9-vuotiaan lapsen saattaja<br \/>\nP\u00e4iv\u00e4lippu<\/p>\n\t\t<\/div>\n\t\t\t\t\t<\/div>\n\n\t\n\n\t<div id=\"col-81411242\" class=\"col medium-3 small-3 large-3\"  >\n\t\t\t\t<div class=\"col-inner text-right\"  >\n\t\t\t\n\t\t\t\n<p>10 \u20ac<br \/>\n4 \u20ac<br \/>\n20 \u20ac<\/p>\n\t\t<\/div>\n\t\t\t\t\t<\/div>\n\n\t\n<\/div>\n<div class=\"row price-smallprint\"  id=\"row-112804881\">\n\n\t<div id=\"col-1934699774\" class=\"col medium-9 small-12 large-9\"  >\n\t\t\t\t<div class=\"col-inner\"  >\n\t\t\t\n\t\t\t\n\t\t<\/div>\n\t\t\t\t\t<\/div>\n\n\t\n\n\t<div id=\"col-979390035\" class=\"col medium-3 small-12 large-3\"  >\n\t\t\t\t<div class=\"col-inner text-right\"  >\n\t\t\t\n\t\t\t\n\t\t<\/div>\n\t\t\t\t\t<\/div>\n\n\t\n<\/div>\n<div class=\"row\"  id=\"row-1764812001\">\n\n\t<div id=\"col-409810593\" class=\"col medium-9 small-9 large-9\"  >\n\t\t\t\t<div class=\"col-inner\"  >\n\t\t\t\n\t\t\t\n<p>Perhealennus (2 aikuista + v\u00e4hint\u00e4\u00e4n 2 lasta)<\/p>\n\t\t<\/div>\n\t\t\t\t\t<\/div>\n\n\t\n\n\t<div id=\"col-19396801\" class=\"col medium-3 small-3 large-3\"  >\n\t\t\t\t<div class=\"col-inner text-right\"  >\n\t\t\t\n\t\t\t\n<p>-20 %<\/p>\n\t\t<\/div>\n\t\t\t\t\t<\/div>\n\n\t\n<\/div>\n<div class=\"row\"  id=\"row-1887675583\">\n\n\t<div id=\"col-271406596\" class=\"col medium-9 small-9 large-9\"  >\n\t\t\t\t<div class=\"col-inner\"  >\n\t\t\t\n\t\t\t\n\t\t<\/div>\n\t\t\t\t\t<\/div>\n\n\t\n\n\t<div id=\"col-177737002\" class=\"col medium-3 small-3 large-3\"  >\n\t\t\t\t<div class=\"col-inner text-right\"  >\n\t\t\t\n\t\t\t\n\t\t<\/div>\n\t\t\t\t\t<\/div>\n\n\t\n<\/div>\n<div class=\"row price-smallprint\"  id=\"row-233505422\">\n\n\t<div id=\"col-1348790370\" class=\"col medium-9 small-12 large-9\"  >\n\t\t\t\t<div class=\"col-inner\"  >\n\t\t\t\n\t\t\t\n<p>Lipun hinta yhdelt\u00e4 henkil\u00f6lt\u00e4, lippu on henkil\u00f6kohtainen.<\/p>\n<p>Turvaliivin k\u00e4ytt\u00f6 on vesiesteradalla pakollista kaikille! Liivin lainaus sis\u00e4ltyy lipun hintaan.<\/p>\n<p>Alle 9-vuotiaat p\u00e4\u00e4sev\u00e4t radalle vain aikuisen saattajan seurassa.<\/p>\n\t\t<\/div>\n\t\t\t\t\t<\/div>\n\n\t\n\n\t<div id=\"col-2024555495\" class=\"col medium-3 small-12 large-3\"  >\n\t\t\t\t<div class=\"col-inner text-right\"  >\n\t\t\t\n\t\t\t\n\t\t<\/div>\n\t\t\t\t\t<\/div>\n\n\t\n<\/div>\n<h3>Paketit<\/h3>\n<div class=\"row price-no-space\"  id=\"row-2138130173\">\n\n\t<div id=\"col-799404283\" class=\"col medium-9 small-9 large-9\"  >\n\t\t\t\t<div class=\"col-inner\"  >\n\t\t\t\n\t\t\t\n<p>Zero to hero (1 p\u00e4iv\u00e4)<\/p>\n\t\t<\/div>\n\t\t\t\t\t<\/div>\n\n\t\n\n\t<div id=\"col-1963546428\" class=\"col medium-3 small-3 large-3\"  >\n\t\t\t\t<div class=\"col-inner text-right\"  >\n\t\t\t\n\t\t\t\n<p>60 \u20ac<\/p>\n\t\t<\/div>\n\t\t\t\t\t<\/div>\n\n\t\n<\/div>\n<div class=\"row price-smallprint\"  id=\"row-1036887327\">\n\n\t<div id=\"col-1419550901\" class=\"col medium-9 small-12 large-9\"  >\n\t\t\t\t<div class=\"col-inner\"  >\n\t\t\t\n\t\t\t\n<p>Hintaan sis\u00e4ltyy: ohjaajan opastus + v\u00e4lineet (lauta, kyp\u00e4r\u00e4, liivi) sek\u00e4 3 x 15 min harjoitusradan lippuja + keh\u00e4kaapelin p\u00e4iv\u00e4lippu ohjauksineen.<br \/>\nMik\u00e4li aloitat ilman aikaisempaa kokemusta, p\u00e4iv\u00e4n p\u00e4\u00e4tteeksi saatat hyvinkin jo kyet\u00e4 t\u00e4ysin itsen\u00e4iseen lautailuun.<\/p>\n\t\t<\/div>\n\t\t\t\t\t<\/div>\n\n\t\n\n\t<div id=\"col-780610414\" class=\"col medium-3 small-12 large-3\"  >\n\t\t\t\t<div class=\"col-inner text-right\"  >\n\t\t\t\n\t\t\t\n\t\t<\/div>\n\t\t\t\t\t<\/div>\n\n\t\n<\/div>\n<div class=\"row price-no-space\"  id=\"row-892364754\">\n\n\t<div id=\"col-594093931\" class=\"col medium-9 small-9 large-9\"  >\n\t\t\t\t<div class=\"col-inner\"  >\n\t\t\t\n\t\t\t\n<p>Hero to superhero (1 p\u00e4iv\u00e4)<\/p>\n\t\t<\/div>\n\t\t\t\t\t<\/div>\n\n\t\n\n\t<div id=\"col-1040163678\" class=\"col medium-3 small-3 large-3\"  >\n\t\t\t\t<div class=\"col-inner text-right\"  >\n\t\t\t\n\t\t\t\n<p>55 \u20ac<\/p>\n\t\t<\/div>\n\t\t\t\t\t<\/div>\n\n\t\n<\/div>\n<div class=\"row price-smallprint\"  id=\"row-1900527954\">\n\n\t<div id=\"col-293519791\" class=\"col medium-9 small-12 large-9\"  >\n\t\t\t\t<div class=\"col-inner\"  >\n\t\t\t\n\t\t\t\n<p>Hintaan sis\u00e4ltyy: ohjaajan opastus + v\u00e4lineet (lauta, kyp\u00e4r\u00e4, liivi) sek\u00e4 15 min harjoitusradan lippu + keh\u00e4kaapelin p\u00e4iv\u00e4lippu ja yhden tunnin ohjaus.<br \/>\nTule hiomaan taitojasi kokeneen ohjaajan opastuksella.<\/p>\n\t\t<\/div>\n\t\t\t\t\t<\/div>\n\n\t\n\n\t<div id=\"col-759523407\" class=\"col medium-3 small-12 large-3\"  >\n\t\t\t\t<div class=\"col-inner text-right\"  >\n\t\t\t\n\t\t\t\n\t\t<\/div>\n\t\t\t\t\t<\/div>\n\n\t\n<\/div>\n<div class=\"row price-no-space\"  id=\"row-1604671510\">\n\n\t<div id=\"col-731431006\" class=\"col medium-9 small-9 large-9\"  >\n\t\t\t\t<div class=\"col-inner\"  >\n\t\t\t\n\t\t\t\n<p>Yst\u00e4v\u00e4paketti 3\u20135 hengelle (2,5 h)<\/p>\n\t\t<\/div>\n\t\t\t\t\t<\/div>\n\n\t\n\n\t<div id=\"col-565708461\" class=\"col medium-3 small-3 large-3\"  >\n\t\t\t\t<div class=\"col-inner text-right\"  >\n\t\t\t\n\t\t\t\n<p>40\u20ac\/hl\u00f6<\/p>\n\t\t<\/div>\n\t\t\t\t\t<\/div>\n\n\t\n<\/div>\n<div class=\"row price-smallprint\"  id=\"row-1835568383\">\n\n\t<div id=\"col-1056870313\" class=\"col medium-9 small-12 large-9\"  >\n\t\t\t\t<div class=\"col-inner\"  >\n\t\t\t\n\t\t\t\n<p>Hintaan sis\u00e4ltyy: ohjaajan opastus + v\u00e4lineet (lauta, kyp\u00e4r\u00e4, lippu) sek\u00e4 1,5 h harjoitusradalla + 1 h keh\u00e4kaapelilla.<br \/>\nTule yhdess\u00e4 perheen tai yst\u00e4vien kanssa ja pian huomaat l\u00f6yt\u00e4neesi uuden ja hauskan harrastuksen.<\/p>\n\t\t<\/div>\n\t\t\t\t\t<\/div>\n\n\t\n\n\t<div id=\"col-712200738\" class=\"col medium-3 small-12 large-3\"  >\n\t\t\t\t<div class=\"col-inner text-right\"  >\n\t\t\t\n\t\t\t\n\t\t<\/div>\n\t\t\t\t\t<\/div>\n\n\t\n<\/div>\n<div class=\"row price-no-space\"  id=\"row-1605506573\">\n\n\t<div id=\"col-171676082\" class=\"col medium-9 small-9 large-9\"  >\n\t\t\t\t<div class=\"col-inner\"  >\n\t\t\t\n\t\t\t\n<p>Yksityisohjaus (45 min)<\/p>\n\t\t<\/div>\n\t\t\t\t\t<\/div>\n\n\t\n\n\t<div id=\"col-1034209384\" class=\"col medium-3 small-3 large-3\"  >\n\t\t\t\t<div class=\"col-inner text-right\"  >\n\t\t\t\n\t\t\t\n<p>40\u20ac\/hl\u00f6<\/p>\n\t\t<\/div>\n\t\t\t\t\t<\/div>\n\n\t\n<\/div>\n<div class=\"row price-smallprint\"  id=\"row-356953574\">\n\n\t<div id=\"col-732800896\" class=\"col medium-9 small-12 large-9\"  >\n\t\t\t\t<div class=\"col-inner\"  >\n\t\t\t\n\t\t\t\n<p>*Kaikki paketit tulee varata etuk\u00e4teen.<\/p>\n<p>*1 p\u00e4iv\u00e4n paketeissa opastus ja vinkit ensimm\u00e4isten 3 h ajan.<\/p>\n\t\t<\/div>\n\t\t\t\t\t<\/div>\n\n\t\n\n\t<div id=\"col-26960055\" class=\"col medium-3 small-12 large-3\"  >\n\t\t\t\t<div class=\"col-inner text-right\"  >\n\t\t\t\n\t\t\t\n\t\t<\/div>\n\t\t\t\t\t<\/div>\n\n\t\n\n<style>\n#row-356953574 > .col > .col-inner {\n  padding: 30px 0px 0px 0px;\n}\n<\/style>\n<\/div>\n\t\t<\/div>\n\t\t\t\t\t<\/div>\n\n\t\n\n\t<div id=\"col-953474069\" class=\"col side-image hide-for-medium medium-5 small-12 large-5\"  >\n\t\t\t\t<div class=\"col-inner\"  >\n\t\t\t\n\t\t\t\n\t<div class=\"img has-hover x md-x lg-x y md-y lg-y\" id=\"image_176148644\">\n\t\t\t\t\t\t\t\t<div class=\"img-inner image-cover dark\" style=\"padding-top:100%;\">\n\t\t\t<img width=\"2560\" height=\"1523\" src=\"https:\/\/dev.wpark.ee\/wp-content\/uploads\/Poltsamaa-wakepark-scaled.jpg\" class=\"attachment-original size-original\" alt=\"P\u00f5ltsamaa wakepark ja Weiko\" loading=\"lazy\" srcset=\"https:\/\/dev.wpark.ee\/wp-content\/uploads\/Poltsamaa-wakepark-scaled.jpg 2560w, https:\/\/dev.wpark.ee\/wp-content\/uploads\/Poltsamaa-wakepark-300x178.jpg 300w, https:\/\/dev.wpark.ee\/wp-content\/uploads\/Poltsamaa-wakepark-1024x609.jpg 1024w, https:\/\/dev.wpark.ee\/wp-content\/uploads\/Poltsamaa-wakepark-768x457.jpg 768w, https:\/\/dev.wpark.ee\/wp-content\/uploads\/Poltsamaa-wakepark-1536x914.jpg 1536w, https:\/\/dev.wpark.ee\/wp-content\/uploads\/Poltsamaa-wakepark-2048x1218.jpg 2048w, https:\/\/dev.wpark.ee\/wp-content\/uploads\/Poltsamaa-wakepark-600x357.jpg 600w\" sizes=\"(max-width: 2560px) 100vw, 2560px\" \/>\t\t\t\t\t\t\n\t\t\t\t\t<\/div>\n\t\t\t\t\t\t\t\t\n<style>\n#image_176148644 {\n  width: 100%;\n}\n<\/style>\n\t<\/div>\n\t\n\t\t<\/div>\n\t\t\t\t\t<\/div>\n\n\t\n<\/div>\n\t\t<\/div>\n\n\t\t\n<style>\n#section_1090521643 {\n  padding-top: 150px;\n  padding-bottom: 150px;\n}\n#section_1090521643 .section-bg.bg-loaded {\n  background-image: url(https:\/\/dev.wpark.ee\/wp-content\/uploads\/wpark_home_section_1.jpg);\n}\n#section_1090521643 .section-bg {\n  background-position: 47% 80%;\n}\n#section_1090521643 .ux-shape-divider--top svg {\n  height: 150px;\n  --divider-top-width: 100%;\n}\n#section_1090521643 .ux-shape-divider--bottom svg {\n  height: 150px;\n  --divider-width: 100%;\n}\n<\/style>\n\t<\/section>\n\t\n","protected":false},"excerpt":{"rendered":"","protected":false},"author":2,"featured_media":0,"parent":0,"menu_order":0,"comment_status":"closed","ping_status":"closed","template":"page-transparent-header-light.php","meta":[],"yoast_head":"<!-- This site is optimized with the Yoast SEO plugin v19.0 - https:\/\/yoast.com\/wordpress\/plugins\/seo\/ -->\n<title>Palvelut - WPark<\/title>\n<meta name=\"robots\" content=\"index, follow, max-snippet:-1, max-image-preview:large, max-video-preview:-1\" \/>\n<link rel=\"canonical\" href=\"https:\/\/dev.wpark.ee\/fi\/palvelut\/\" \/>\n<meta property=\"og:locale\" content=\"fi_FI\" \/>\n<meta property=\"og:type\" content=\"article\" \/>\n<meta property=\"og:title\" content=\"Palvelut - WPark\" \/>\n<meta property=\"og:url\" content=\"https:\/\/dev.wpark.ee\/fi\/palvelut\/\" \/>\n<meta property=\"og:site_name\" content=\"WPark\" \/>\n<meta property=\"article:modified_time\" content=\"2021-08-25T14:13:16+00:00\" \/>\n<meta name=\"twitter:card\" content=\"summary_large_image\" \/>\n<meta name=\"twitter:label1\" content=\"Arvioitu lukuaika\" \/>\n\t<meta name=\"twitter:data1\" content=\"4 minuuttia\" \/>\n<script type=\"application\/ld+json\" class=\"yoast-schema-graph\">{\"@context\":\"https:\/\/schema.org\",\"@graph\":[{\"@type\":\"Organization\",\"@id\":\"https:\/\/dev.wpark.ee\/#organization\",\"name\":\"Wpark\",\"url\":\"https:\/\/dev.wpark.ee\/\",\"sameAs\":[],\"logo\":{\"@type\":\"ImageObject\",\"inLanguage\":\"fi\",\"@id\":\"https:\/\/dev.wpark.ee\/#\/schema\/logo\/image\/\",\"url\":\"https:\/\/wpark.ee\/wp-content\/uploads\/Wpark_logo_black_compact_text_below_PNG.png\",\"contentUrl\":\"https:\/\/wpark.ee\/wp-content\/uploads\/Wpark_logo_black_compact_text_below_PNG.png\",\"width\":1215,\"height\":1184,\"caption\":\"Wpark\"},\"image\":{\"@id\":\"https:\/\/dev.wpark.ee\/#\/schema\/logo\/image\/\"}},{\"@type\":\"WebSite\",\"@id\":\"https:\/\/dev.wpark.ee\/#website\",\"url\":\"https:\/\/dev.wpark.ee\/\",\"name\":\"WPark\",\"description\":\"\",\"publisher\":{\"@id\":\"https:\/\/dev.wpark.ee\/#organization\"},\"potentialAction\":[{\"@type\":\"SearchAction\",\"target\":{\"@type\":\"EntryPoint\",\"urlTemplate\":\"https:\/\/dev.wpark.ee\/?s={search_term_string}\"},\"query-input\":\"required name=search_term_string\"}],\"inLanguage\":\"fi\"},{\"@type\":\"WebPage\",\"@id\":\"https:\/\/dev.wpark.ee\/fi\/palvelut\/#webpage\",\"url\":\"https:\/\/dev.wpark.ee\/fi\/palvelut\/\",\"name\":\"Palvelut - WPark\",\"isPartOf\":{\"@id\":\"https:\/\/dev.wpark.ee\/#website\"},\"datePublished\":\"2020-07-27T11:04:02+00:00\",\"dateModified\":\"2021-08-25T14:13:16+00:00\",\"breadcrumb\":{\"@id\":\"https:\/\/dev.wpark.ee\/fi\/palvelut\/#breadcrumb\"},\"inLanguage\":\"fi\",\"potentialAction\":[{\"@type\":\"ReadAction\",\"target\":[\"https:\/\/dev.wpark.ee\/fi\/palvelut\/\"]}]},{\"@type\":\"BreadcrumbList\",\"@id\":\"https:\/\/dev.wpark.ee\/fi\/palvelut\/#breadcrumb\",\"itemListElement\":[{\"@type\":\"ListItem\",\"position\":1,\"name\":\"Home\",\"item\":\"https:\/\/dev.wpark.ee\/fi\/\"},{\"@type\":\"ListItem\",\"position\":2,\"name\":\"Palvelut\"}]}]}<\/script>\n<!-- \/ Yoast SEO plugin. -->","yoast_head_json":{"title":"Palvelut - WPark","robots":{"index":"index","follow":"follow","max-snippet":"max-snippet:-1","max-image-preview":"max-image-preview:large","max-video-preview":"max-video-preview:-1"},"canonical":"https:\/\/dev.wpark.ee\/fi\/palvelut\/","og_locale":"fi_FI","og_type":"article","og_title":"Palvelut - WPark","og_url":"https:\/\/dev.wpark.ee\/fi\/palvelut\/","og_site_name":"WPark","article_modified_time":"2021-08-25T14:13:16+00:00","twitter_card":"summary_large_image","twitter_misc":{"Arvioitu lukuaika":"4 minuuttia"},"schema":{"@context":"https:\/\/schema.org","@graph":[{"@type":"Organization","@id":"https:\/\/dev.wpark.ee\/#organization","name":"Wpark","url":"https:\/\/dev.wpark.ee\/","sameAs":[],"logo":{"@type":"ImageObject","inLanguage":"fi","@id":"https:\/\/dev.wpark.ee\/#\/schema\/logo\/image\/","url":"https:\/\/wpark.ee\/wp-content\/uploads\/Wpark_logo_black_compact_text_below_PNG.png","contentUrl":"https:\/\/wpark.ee\/wp-content\/uploads\/Wpark_logo_black_compact_text_below_PNG.png","width":1215,"height":1184,"caption":"Wpark"},"image":{"@id":"https:\/\/dev.wpark.ee\/#\/schema\/logo\/image\/"}},{"@type":"WebSite","@id":"https:\/\/dev.wpark.ee\/#website","url":"https:\/\/dev.wpark.ee\/","name":"WPark","description":"","publisher":{"@id":"https:\/\/dev.wpark.ee\/#organization"},"potentialAction":[{"@type":"SearchAction","target":{"@type":"EntryPoint","urlTemplate":"https:\/\/dev.wpark.ee\/?s={search_term_string}"},"query-input":"required name=search_term_string"}],"inLanguage":"fi"},{"@type":"WebPage","@id":"https:\/\/dev.wpark.ee\/fi\/palvelut\/#webpage","url":"https:\/\/dev.wpark.ee\/fi\/palvelut\/","name":"Palvelut - WPark","isPartOf":{"@id":"https:\/\/dev.wpark.ee\/#website"},"datePublished":"2020-07-27T11:04:02+00:00","dateModified":"2021-08-25T14:13:16+00:00","breadcrumb":{"@id":"https:\/\/dev.wpark.ee\/fi\/palvelut\/#breadcrumb"},"inLanguage":"fi","potentialAction":[{"@type":"ReadAction","target":["https:\/\/dev.wpark.ee\/fi\/palvelut\/"]}]},{"@type":"BreadcrumbList","@id":"https:\/\/dev.wpark.ee\/fi\/palvelut\/#breadcrumb","itemListElement":[{"@type":"ListItem","position":1,"name":"Home","item":"https:\/\/dev.wpark.ee\/fi\/"},{"@type":"ListItem","position":2,"name":"Palvelut"}]}]}},"_links":{"self":[{"href":"https:\/\/dev.wpark.ee\/fi\/wp-json\/wp\/v2\/pages\/950"}],"collection":[{"href":"https:\/\/dev.wpark.ee\/fi\/wp-json\/wp\/v2\/pages"}],"about":[{"href":"https:\/\/dev.wpark.ee\/fi\/wp-json\/wp\/v2\/types\/page"}],"author":[{"embeddable":true,"href":"https:\/\/dev.wpark.ee\/fi\/wp-json\/wp\/v2\/users\/2"}],"replies":[{"embeddable":true,"href":"https:\/\/dev.wpark.ee\/fi\/wp-json\/wp\/v2\/comments?post=950"}],"version-history":[{"count":11,"href":"https:\/\/dev.wpark.ee\/fi\/wp-json\/wp\/v2\/pages\/950\/revisions"}],"predecessor-version":[{"id":5137,"href":"https:\/\/dev.wpark.ee\/fi\/wp-json\/wp\/v2\/pages\/950\/revisions\/5137"}],"wp:attachment":[{"href":"https:\/\/dev.wpark.ee\/fi\/wp-json\/wp\/v2\/media?parent=950"}],"curies":[{"name":"wp","href":"https:\/\/api.w.org\/{rel}","templated":true}]}}