{"id":5064,"date":"2021-08-18T17:36:20","date_gmt":"2021-08-18T14:36:20","guid":{"rendered":"https:\/\/wpark.ee\/?page_id=5064"},"modified":"2021-08-18T17:47:06","modified_gmt":"2021-08-18T14:47:06","slug":"glamping","status":"publish","type":"page","link":"https:\/\/dev.wpark.ee\/fi\/glamping\/","title":{"rendered":"glamping"},"content":{"rendered":"\t<section class=\"section dark\" id=\"section_1227838580\">\n\t\t<div class=\"bg section-bg fill bg-fill  \" >\n\n\t\t\t\n\t\t\t\n\t\t\t\n\n\t\t<\/div>\n\n\t\t\n\n\t\t<div class=\"section-content relative\">\n\t\t\t\n<div class=\"row\"  id=\"row-1682698418\">\n\n\t<div id=\"col-780463751\" class=\"col medium-5 small-12 large-3\"  >\n\t\t\t\t<div class=\"col-inner\"  >\n\t\t\t\n\t\t\t\n<ul class=\"main-nav\">\n<li><a href=\"\/fi\/palvelut\">LIPUT<\/a><\/li>\n<li><a href=\"\/fi\/lisapalvelut\">PALVELUT<\/a><\/li>\n<li><a href=\"\/fi\/ruokailu\">RUOKAILU<\/a><\/li>\n<li><a href=\"\/fi\/glamping\">GLAMPING<\/a><\/li>\n<\/ul>\n<div class=\"back-arrow\"><a href=\"https:\/\/www.wpark.ee\/fi#teenused\"><i class=\"icon-angle-left\"><\/i><\/a><\/div>\n\t<div id=\"gap-1412784783\" class=\"gap-element clearfix\" style=\"display:block; height:auto;\">\n\t\t\n<style>\n#gap-1412784783 {\n  padding-top: 30px;\n}\n<\/style>\n\t<\/div>\n\t\n<div class=\"back-arrow\"><\/div>\n\t\t<\/div>\n\t\t\t\t\t<\/div>\n\n\t\n\n\t<div id=\"col-844683120\" class=\"col medium-7 small-12 large-4\"  >\n\t\t\t\t<div class=\"col-inner\"  >\n\t\t\t\n\t\t\t\n<h1>WPARKIN GLAMPING<\/h1>\n<p>\u00a0<\/p>\n<p>WPark tarjoaa nyt my\u00f6s majoitusta! Voit muuttaa sis\u00e4\u00e4n vaikka useammaksi p\u00e4iv\u00e4ksi ja her\u00e4t\u00e4 joka aamu lintujen viserrykseen!<\/p>\n<p>Jos yksi p\u00e4iv\u00e4 WParkissa ei riit\u00e4, on nyt mahdollista mukavasti y\u00f6py\u00e4 teltassa maalauksellisen Kamarij\u00e4rven rannalla aarnipuiden varjossa. WParkin glamping-teltassa voi nukkua omassa s\u00e4ngyss\u00e4 pehmeiden peitteiden alla kuvankauniin luonnon ymp\u00e4r\u00f6im\u00e4n\u00e4.<\/p>\n<p>Tarjoamme majoitusta <strong>nelj\u00e4ss\u00e4<\/strong> glamping-teltassa. Jokaisessa teltassa on <strong>nelj\u00e4 mukavaa yhden hengen s\u00e4nky\u00e4<\/strong>. Yhteens\u00e4 pystymme majoittamaan glamping-kyl\u00e4ss\u00e4mme enint\u00e4\u00e4n 16 henkil\u00f6\u00e4.<\/p>\n<p>Kaikissa teltoissa on puhtaat vuodevaatteet, pehme\u00e4t pyyhkeet, s\u00e4hk\u00f6 ja l\u00e4mmitys. Glamping-majoituksen hintaan sis\u00e4ltyy my\u00f6s peseytymismahdollisuus ja sauna WParkin p\u00e4\u00e4rakennuksessa aukioloaikoina. Aamiaistakaan ei tarvitse etsi\u00e4 kaukaa. Sen voi k\u00e4tev\u00e4sti ostaa Kohwik W -kahvilasta. Katso menu t\u00e4st\u00e4.<\/p>\n<p>T\u00e4rke\u00e4t\u00e4 tietoa:<\/p>\n<ul>\n<li><em>Check-in<\/em> aikaisintaan klo. 15.00.<\/li>\n<li><em>Check-out<\/em> viimeist\u00e4\u00e4n klo. 12.00.<\/li>\n<li>Y\u00f6rauhaa pyyd\u00e4mme kunnioittamaan klo. 23.00 alkaen.<\/li>\n<\/ul>\n<p>Majoitusta tarjotaan vuoden 2021 kes\u00e4kauden loppuun asti.<\/p>\n<p>Glamping-majoituksen hinta yhden teltan osalta:<\/p>\n<ul>\n<li>100 euroa ensimm\u00e4inen y\u00f6,<\/li>\n<li>80 euroa jokainen seuraava y\u00f6.<\/li>\n<\/ul>\n<p>Majoitus on aina samanhintaista, varataanko sitten paikan p\u00e4\u00e4ll\u00e4 tai WParkin yhteystietoja k\u00e4ytt\u00e4m\u00e4ll\u00e4. Booking.com -sivulla hinnat voivat joskus vaihdella sivun oman politiikan ja kampanjoiden my\u00f6t\u00e4.<\/p>\n<p>\u00a0<\/p>\n\t<div id=\"gap-612363227\" class=\"gap-element clearfix\" style=\"display:block; height:auto;\">\n\t\t\n<style>\n#gap-612363227 {\n  padding-top: 30px;\n}\n<\/style>\n\t<\/div>\n\t\n<a rel=\"noopener noreferrer\" href=\"https:\/\/www.booking.com\/hotel\/ee\/wpark-glamping.et.html?label=gen173nr-1FCAEoggI46AdIM1gEaEKIAQGYAQu4AQfIAQ3YAQHoAQH4AQuIAgGoAgO4AoDg9YYGwAIB0gIkOWY0YWM0ZTMtM2Q1Ny00NGYzLWExMjItODkzNjUyMmZkZGVi2AIG4AIB;sid=3ca934636bd9e4fe2f3db6f2711aa943;dest_id=-2624647;dest_type=city;dist=0;group_adults=2;group_children=0;hapos=1;hpos=1;no_rooms=1;room1=A,A;sb_price_type=total;sr_order=popularity;srepoch=1625124867;srpvid=c3703541a30c02c3;type=total;ucfs=1&#038;#hotelTmpl\" target=\"_blank\" class=\"button primary\"  >\n    <span>TEE VARAUS<\/span>\n  <\/a>\n\n\t<div id=\"gap-1762561109\" class=\"gap-element clearfix\" style=\"display:block; height:auto;\">\n\t\t\n<style>\n#gap-1762561109 {\n  padding-top: 30px;\n}\n<\/style>\n\t<\/div>\n\t\n\n  \n    <div class=\"row large-columns-2 medium-columns- small-columns-\">\n  <div class=\"gallery-col col\" >\n          <div class=\"col-inner\">\n            <a class=\"image-lightbox lightbox-gallery\" href=\"https:\/\/dev.wpark.ee\/wp-content\/uploads\/DSC4781-1-1024x683.jpg\" title=\"\">            <div class=\"box has-hover gallery-box box-none\">\n              <div class=\"box-image image-cover\" style=\"padding-top:100%;\">\n                <img width=\"300\" height=\"200\" src=\"https:\/\/dev.wpark.ee\/wp-content\/uploads\/DSC4781-1-300x200.jpg\" class=\"attachment-medium size-medium\" alt=\"\" loading=\"lazy\" ids=\"4956,4961,4966,4971,4976\" style=\"none\" columns=\"2\" image_height=\"100%\" image_size=\"medium\" srcset=\"https:\/\/dev.wpark.ee\/wp-content\/uploads\/DSC4781-1-300x200.jpg 300w, https:\/\/dev.wpark.ee\/wp-content\/uploads\/DSC4781-1-1024x683.jpg 1024w, https:\/\/dev.wpark.ee\/wp-content\/uploads\/DSC4781-1-768x512.jpg 768w, https:\/\/dev.wpark.ee\/wp-content\/uploads\/DSC4781-1-1536x1024.jpg 1536w, https:\/\/dev.wpark.ee\/wp-content\/uploads\/DSC4781-1-600x400.jpg 600w, https:\/\/dev.wpark.ee\/wp-content\/uploads\/DSC4781-1.jpg 2048w\" sizes=\"(max-width: 300px) 100vw, 300px\" \/>                                                              <\/div>\n              <div class=\"box-text text-left\" >\n                 <p><\/p>\n              <\/div>\n            <\/div>\n            <\/a>          <\/div>\n         <\/div><div class=\"gallery-col col\" >\n          <div class=\"col-inner\">\n            <a class=\"image-lightbox lightbox-gallery\" href=\"https:\/\/dev.wpark.ee\/wp-content\/uploads\/DSC4797-1024x683.jpg\" title=\"\">            <div class=\"box has-hover gallery-box box-none\">\n              <div class=\"box-image image-cover\" style=\"padding-top:100%;\">\n                <img width=\"300\" height=\"200\" src=\"https:\/\/dev.wpark.ee\/wp-content\/uploads\/DSC4797-300x200.jpg\" class=\"attachment-medium size-medium\" alt=\"\" loading=\"lazy\" ids=\"4956,4961,4966,4971,4976\" style=\"none\" columns=\"2\" image_height=\"100%\" image_size=\"medium\" srcset=\"https:\/\/dev.wpark.ee\/wp-content\/uploads\/DSC4797-300x200.jpg 300w, https:\/\/dev.wpark.ee\/wp-content\/uploads\/DSC4797-1024x683.jpg 1024w, https:\/\/dev.wpark.ee\/wp-content\/uploads\/DSC4797-768x512.jpg 768w, https:\/\/dev.wpark.ee\/wp-content\/uploads\/DSC4797-1536x1024.jpg 1536w, https:\/\/dev.wpark.ee\/wp-content\/uploads\/DSC4797-600x400.jpg 600w, https:\/\/dev.wpark.ee\/wp-content\/uploads\/DSC4797.jpg 2048w\" sizes=\"(max-width: 300px) 100vw, 300px\" \/>                                                              <\/div>\n              <div class=\"box-text text-left\" >\n                 <p><\/p>\n              <\/div>\n            <\/div>\n            <\/a>          <\/div>\n         <\/div><div class=\"gallery-col col\" >\n          <div class=\"col-inner\">\n            <a class=\"image-lightbox lightbox-gallery\" href=\"https:\/\/dev.wpark.ee\/wp-content\/uploads\/DSC4801-1-1024x683.jpg\" title=\"\">            <div class=\"box has-hover gallery-box box-none\">\n              <div class=\"box-image image-cover\" style=\"padding-top:100%;\">\n                <img width=\"300\" height=\"200\" src=\"https:\/\/dev.wpark.ee\/wp-content\/uploads\/DSC4801-1-300x200.jpg\" class=\"attachment-medium size-medium\" alt=\"\" loading=\"lazy\" ids=\"4956,4961,4966,4971,4976\" style=\"none\" columns=\"2\" image_height=\"100%\" image_size=\"medium\" srcset=\"https:\/\/dev.wpark.ee\/wp-content\/uploads\/DSC4801-1-300x200.jpg 300w, https:\/\/dev.wpark.ee\/wp-content\/uploads\/DSC4801-1-1024x683.jpg 1024w, https:\/\/dev.wpark.ee\/wp-content\/uploads\/DSC4801-1-768x512.jpg 768w, https:\/\/dev.wpark.ee\/wp-content\/uploads\/DSC4801-1-1536x1024.jpg 1536w, https:\/\/dev.wpark.ee\/wp-content\/uploads\/DSC4801-1-600x400.jpg 600w, https:\/\/dev.wpark.ee\/wp-content\/uploads\/DSC4801-1.jpg 2048w\" sizes=\"(max-width: 300px) 100vw, 300px\" \/>                                                              <\/div>\n              <div class=\"box-text text-left\" >\n                 <p><\/p>\n              <\/div>\n            <\/div>\n            <\/a>          <\/div>\n         <\/div><div class=\"gallery-col col\" >\n          <div class=\"col-inner\">\n            <a class=\"image-lightbox lightbox-gallery\" href=\"https:\/\/dev.wpark.ee\/wp-content\/uploads\/DSC4805-1-1024x683.jpg\" title=\"\">            <div class=\"box has-hover gallery-box box-none\">\n              <div class=\"box-image image-cover\" style=\"padding-top:100%;\">\n                <img width=\"300\" height=\"200\" src=\"https:\/\/dev.wpark.ee\/wp-content\/uploads\/DSC4805-1-300x200.jpg\" class=\"attachment-medium size-medium\" alt=\"\" loading=\"lazy\" ids=\"4956,4961,4966,4971,4976\" style=\"none\" columns=\"2\" image_height=\"100%\" image_size=\"medium\" srcset=\"https:\/\/dev.wpark.ee\/wp-content\/uploads\/DSC4805-1-300x200.jpg 300w, https:\/\/dev.wpark.ee\/wp-content\/uploads\/DSC4805-1-1024x683.jpg 1024w, https:\/\/dev.wpark.ee\/wp-content\/uploads\/DSC4805-1-768x512.jpg 768w, https:\/\/dev.wpark.ee\/wp-content\/uploads\/DSC4805-1-1536x1024.jpg 1536w, https:\/\/dev.wpark.ee\/wp-content\/uploads\/DSC4805-1-600x400.jpg 600w, https:\/\/dev.wpark.ee\/wp-content\/uploads\/DSC4805-1.jpg 2048w\" sizes=\"(max-width: 300px) 100vw, 300px\" \/>                                                              <\/div>\n              <div class=\"box-text text-left\" >\n                 <p><\/p>\n              <\/div>\n            <\/div>\n            <\/a>          <\/div>\n         <\/div><div class=\"gallery-col col\" >\n          <div class=\"col-inner\">\n            <a class=\"image-lightbox lightbox-gallery\" href=\"https:\/\/dev.wpark.ee\/wp-content\/uploads\/DSC4815-1024x683.jpg\" title=\"\">            <div class=\"box has-hover gallery-box box-none\">\n              <div class=\"box-image image-cover\" style=\"padding-top:100%;\">\n                <img width=\"300\" height=\"200\" src=\"https:\/\/dev.wpark.ee\/wp-content\/uploads\/DSC4815-300x200.jpg\" class=\"attachment-medium size-medium\" alt=\"\" loading=\"lazy\" ids=\"4956,4961,4966,4971,4976\" style=\"none\" columns=\"2\" image_height=\"100%\" image_size=\"medium\" srcset=\"https:\/\/dev.wpark.ee\/wp-content\/uploads\/DSC4815-300x200.jpg 300w, https:\/\/dev.wpark.ee\/wp-content\/uploads\/DSC4815-1024x683.jpg 1024w, https:\/\/dev.wpark.ee\/wp-content\/uploads\/DSC4815-768x512.jpg 768w, https:\/\/dev.wpark.ee\/wp-content\/uploads\/DSC4815-1536x1024.jpg 1536w, https:\/\/dev.wpark.ee\/wp-content\/uploads\/DSC4815-600x400.jpg 600w, https:\/\/dev.wpark.ee\/wp-content\/uploads\/DSC4815.jpg 2048w\" sizes=\"(max-width: 300px) 100vw, 300px\" \/>                                                              <\/div>\n              <div class=\"box-text text-left\" >\n                 <p><\/p>\n              <\/div>\n            <\/div>\n            <\/a>          <\/div>\n         <\/div><\/div>\n\t\t<\/div>\n\t\t\t\t\t<\/div>\n\n\t\n\n\t<div id=\"col-1136791145\" class=\"col side-image hide-for-medium medium-5 small-12 large-5\"  >\n\t\t\t\t<div class=\"col-inner\"  >\n\t\t\t\n\t\t\t\n\t<div class=\"img has-hover x md-x lg-x y md-y lg-y\" id=\"image_191255513\">\n\t\t\t\t\t\t\t\t<div class=\"img-inner image-cover dark\" style=\"padding-top:100%;\">\n\t\t\t<img width=\"2048\" height=\"1365\" src=\"https:\/\/dev.wpark.ee\/wp-content\/uploads\/DSC4815.jpg\" class=\"attachment-original size-original\" alt=\"\" loading=\"lazy\" srcset=\"https:\/\/dev.wpark.ee\/wp-content\/uploads\/DSC4815.jpg 2048w, https:\/\/dev.wpark.ee\/wp-content\/uploads\/DSC4815-300x200.jpg 300w, https:\/\/dev.wpark.ee\/wp-content\/uploads\/DSC4815-1024x683.jpg 1024w, https:\/\/dev.wpark.ee\/wp-content\/uploads\/DSC4815-768x512.jpg 768w, https:\/\/dev.wpark.ee\/wp-content\/uploads\/DSC4815-1536x1024.jpg 1536w, https:\/\/dev.wpark.ee\/wp-content\/uploads\/DSC4815-600x400.jpg 600w\" sizes=\"(max-width: 2048px) 100vw, 2048px\" \/>\t\t\t\t\t\t\n\t\t\t\t\t<\/div>\n\t\t\t\t\t\t\t\t\n<style>\n#image_191255513 {\n  width: 100%;\n}\n<\/style>\n\t<\/div>\n\t\n\t\t<\/div>\n\t\t\t\t\t<\/div>\n\n\t\n<\/div>\n\t\t<\/div>\n\n\t\t\n<style>\n#section_1227838580 {\n  padding-top: 150px;\n  padding-bottom: 150px;\n}\n#section_1227838580 .section-bg.bg-loaded {\n  background-image: url(https:\/\/dev.wpark.ee\/wp-content\/uploads\/wpark_home_section_1.jpg);\n}\n#section_1227838580 .section-bg {\n  background-position: 47% 80%;\n}\n#section_1227838580 .ux-shape-divider--top svg {\n  height: 150px;\n  --divider-top-width: 100%;\n}\n#section_1227838580 .ux-shape-divider--bottom svg {\n  height: 150px;\n  --divider-width: 100%;\n}\n<\/style>\n\t<\/section>\n\t\n","protected":false},"excerpt":{"rendered":"","protected":false},"author":2,"featured_media":0,"parent":0,"menu_order":0,"comment_status":"closed","ping_status":"closed","template":"page-transparent-header-light.php","meta":[],"yoast_head":"<!-- This site is optimized with the Yoast SEO plugin v19.0 - https:\/\/yoast.com\/wordpress\/plugins\/seo\/ -->\n<title>glamping - WPark<\/title>\n<meta name=\"robots\" content=\"index, follow, max-snippet:-1, max-image-preview:large, max-video-preview:-1\" \/>\n<link rel=\"canonical\" href=\"https:\/\/dev.wpark.ee\/fi\/glamping\/\" \/>\n<meta property=\"og:locale\" content=\"fi_FI\" \/>\n<meta property=\"og:type\" content=\"article\" \/>\n<meta property=\"og:title\" content=\"glamping - WPark\" \/>\n<meta property=\"og:url\" content=\"https:\/\/dev.wpark.ee\/fi\/glamping\/\" \/>\n<meta property=\"og:site_name\" content=\"WPark\" \/>\n<meta property=\"article:modified_time\" content=\"2021-08-18T14:47:06+00:00\" \/>\n<meta name=\"twitter:card\" content=\"summary_large_image\" \/>\n<meta name=\"twitter:label1\" content=\"Arvioitu lukuaika\" \/>\n\t<meta name=\"twitter:data1\" content=\"1 minuutti\" \/>\n<script type=\"application\/ld+json\" class=\"yoast-schema-graph\">{\"@context\":\"https:\/\/schema.org\",\"@graph\":[{\"@type\":\"Organization\",\"@id\":\"https:\/\/dev.wpark.ee\/#organization\",\"name\":\"Wpark\",\"url\":\"https:\/\/dev.wpark.ee\/\",\"sameAs\":[],\"logo\":{\"@type\":\"ImageObject\",\"inLanguage\":\"fi\",\"@id\":\"https:\/\/dev.wpark.ee\/#\/schema\/logo\/image\/\",\"url\":\"https:\/\/wpark.ee\/wp-content\/uploads\/Wpark_logo_black_compact_text_below_PNG.png\",\"contentUrl\":\"https:\/\/wpark.ee\/wp-content\/uploads\/Wpark_logo_black_compact_text_below_PNG.png\",\"width\":1215,\"height\":1184,\"caption\":\"Wpark\"},\"image\":{\"@id\":\"https:\/\/dev.wpark.ee\/#\/schema\/logo\/image\/\"}},{\"@type\":\"WebSite\",\"@id\":\"https:\/\/dev.wpark.ee\/#website\",\"url\":\"https:\/\/dev.wpark.ee\/\",\"name\":\"WPark\",\"description\":\"\",\"publisher\":{\"@id\":\"https:\/\/dev.wpark.ee\/#organization\"},\"potentialAction\":[{\"@type\":\"SearchAction\",\"target\":{\"@type\":\"EntryPoint\",\"urlTemplate\":\"https:\/\/dev.wpark.ee\/?s={search_term_string}\"},\"query-input\":\"required name=search_term_string\"}],\"inLanguage\":\"fi\"},{\"@type\":\"WebPage\",\"@id\":\"https:\/\/dev.wpark.ee\/fi\/glamping\/#webpage\",\"url\":\"https:\/\/dev.wpark.ee\/fi\/glamping\/\",\"name\":\"glamping - WPark\",\"isPartOf\":{\"@id\":\"https:\/\/dev.wpark.ee\/#website\"},\"datePublished\":\"2021-08-18T14:36:20+00:00\",\"dateModified\":\"2021-08-18T14:47:06+00:00\",\"breadcrumb\":{\"@id\":\"https:\/\/dev.wpark.ee\/fi\/glamping\/#breadcrumb\"},\"inLanguage\":\"fi\",\"potentialAction\":[{\"@type\":\"ReadAction\",\"target\":[\"https:\/\/dev.wpark.ee\/fi\/glamping\/\"]}]},{\"@type\":\"BreadcrumbList\",\"@id\":\"https:\/\/dev.wpark.ee\/fi\/glamping\/#breadcrumb\",\"itemListElement\":[{\"@type\":\"ListItem\",\"position\":1,\"name\":\"Home\",\"item\":\"https:\/\/dev.wpark.ee\/fi\/\"},{\"@type\":\"ListItem\",\"position\":2,\"name\":\"glamping\"}]}]}<\/script>\n<!-- \/ Yoast SEO plugin. -->","yoast_head_json":{"title":"glamping - WPark","robots":{"index":"index","follow":"follow","max-snippet":"max-snippet:-1","max-image-preview":"max-image-preview:large","max-video-preview":"max-video-preview:-1"},"canonical":"https:\/\/dev.wpark.ee\/fi\/glamping\/","og_locale":"fi_FI","og_type":"article","og_title":"glamping - WPark","og_url":"https:\/\/dev.wpark.ee\/fi\/glamping\/","og_site_name":"WPark","article_modified_time":"2021-08-18T14:47:06+00:00","twitter_card":"summary_large_image","twitter_misc":{"Arvioitu lukuaika":"1 minuutti"},"schema":{"@context":"https:\/\/schema.org","@graph":[{"@type":"Organization","@id":"https:\/\/dev.wpark.ee\/#organization","name":"Wpark","url":"https:\/\/dev.wpark.ee\/","sameAs":[],"logo":{"@type":"ImageObject","inLanguage":"fi","@id":"https:\/\/dev.wpark.ee\/#\/schema\/logo\/image\/","url":"https:\/\/wpark.ee\/wp-content\/uploads\/Wpark_logo_black_compact_text_below_PNG.png","contentUrl":"https:\/\/wpark.ee\/wp-content\/uploads\/Wpark_logo_black_compact_text_below_PNG.png","width":1215,"height":1184,"caption":"Wpark"},"image":{"@id":"https:\/\/dev.wpark.ee\/#\/schema\/logo\/image\/"}},{"@type":"WebSite","@id":"https:\/\/dev.wpark.ee\/#website","url":"https:\/\/dev.wpark.ee\/","name":"WPark","description":"","publisher":{"@id":"https:\/\/dev.wpark.ee\/#organization"},"potentialAction":[{"@type":"SearchAction","target":{"@type":"EntryPoint","urlTemplate":"https:\/\/dev.wpark.ee\/?s={search_term_string}"},"query-input":"required name=search_term_string"}],"inLanguage":"fi"},{"@type":"WebPage","@id":"https:\/\/dev.wpark.ee\/fi\/glamping\/#webpage","url":"https:\/\/dev.wpark.ee\/fi\/glamping\/","name":"glamping - WPark","isPartOf":{"@id":"https:\/\/dev.wpark.ee\/#website"},"datePublished":"2021-08-18T14:36:20+00:00","dateModified":"2021-08-18T14:47:06+00:00","breadcrumb":{"@id":"https:\/\/dev.wpark.ee\/fi\/glamping\/#breadcrumb"},"inLanguage":"fi","potentialAction":[{"@type":"ReadAction","target":["https:\/\/dev.wpark.ee\/fi\/glamping\/"]}]},{"@type":"BreadcrumbList","@id":"https:\/\/dev.wpark.ee\/fi\/glamping\/#breadcrumb","itemListElement":[{"@type":"ListItem","position":1,"name":"Home","item":"https:\/\/dev.wpark.ee\/fi\/"},{"@type":"ListItem","position":2,"name":"glamping"}]}]}},"_links":{"self":[{"href":"https:\/\/dev.wpark.ee\/fi\/wp-json\/wp\/v2\/pages\/5064"}],"collection":[{"href":"https:\/\/dev.wpark.ee\/fi\/wp-json\/wp\/v2\/pages"}],"about":[{"href":"https:\/\/dev.wpark.ee\/fi\/wp-json\/wp\/v2\/types\/page"}],"author":[{"embeddable":true,"href":"https:\/\/dev.wpark.ee\/fi\/wp-json\/wp\/v2\/users\/2"}],"replies":[{"embeddable":true,"href":"https:\/\/dev.wpark.ee\/fi\/wp-json\/wp\/v2\/comments?post=5064"}],"version-history":[{"count":7,"href":"https:\/\/dev.wpark.ee\/fi\/wp-json\/wp\/v2\/pages\/5064\/revisions"}],"predecessor-version":[{"id":5082,"href":"https:\/\/dev.wpark.ee\/fi\/wp-json\/wp\/v2\/pages\/5064\/revisions\/5082"}],"wp:attachment":[{"href":"https:\/\/dev.wpark.ee\/fi\/wp-json\/wp\/v2\/media?parent=5064"}],"curies":[{"name":"wp","href":"https:\/\/api.w.org\/{rel}","templated":true}]}}